{"id":9,"date":"2023-08-26T17:34:08","date_gmt":"2023-08-26T15:34:08","guid":{"rendered":"http:\/\/ukskanu.pl\/?page_id=9"},"modified":"2023-08-28T23:03:44","modified_gmt":"2023-08-28T21:03:44","slug":"kajak-polo","status":"publish","type":"page","link":"https:\/\/ukskanu.pl\/?page_id=9","title":{"rendered":"Kajak polo zbi\u00f3r"},"content":{"rendered":"\t\t<div data-elementor-type=\"wp-page\" data-elementor-id=\"9\" class=\"elementor elementor-9\">\n\t\t\t\t\t\t\t\t\t<section class=\"elementor-section elementor-top-section elementor-element elementor-element-508f5b56 elementor-section-height-min-height elementor-section-full_width elementor-section-items-top elementor-section-height-default\" data-id=\"508f5b56\" data-element_type=\"section\" data-settings=\"{&quot;background_background&quot;:&quot;classic&quot;}\">\n\t\t\t\t\t\t\t<div class=\"elementor-background-overlay\"><\/div>\n\t\t\t\t\t\t\t<div class=\"elementor-container elementor-column-gap-default\">\n\t\t\t\t\t<div class=\"elementor-column elementor-col-100 elementor-top-column elementor-element elementor-element-7cc49634\" data-id=\"7cc49634\" data-element_type=\"column\">\n\t\t\t<div class=\"elementor-widget-wrap elementor-element-populated\">\n\t\t\t\t\t\t\t\t<div class=\"elementor-element elementor-element-58f87ea2 elementor-widget elementor-widget-heading\" data-id=\"58f87ea2\" data-element_type=\"widget\" data-widget_type=\"heading.default\">\n\t\t\t\t<div class=\"elementor-widget-container\">\n\t\t\t<style>\/*! elementor - v3.15.0 - 20-08-2023 *\/\n.elementor-heading-title{padding:0;margin:0;line-height:1}.elementor-widget-heading .elementor-heading-title[class*=elementor-size-]>a{color:inherit;font-size:inherit;line-height:inherit}.elementor-widget-heading .elementor-heading-title.elementor-size-small{font-size:15px}.elementor-widget-heading .elementor-heading-title.elementor-size-medium{font-size:19px}.elementor-widget-heading .elementor-heading-title.elementor-size-large{font-size:29px}.elementor-widget-heading .elementor-heading-title.elementor-size-xl{font-size:39px}.elementor-widget-heading .elementor-heading-title.elementor-size-xxl{font-size:59px}<\/style><h1 class=\"elementor-heading-title elementor-size-default\">Kajak polo<\/h1>\t\t<\/div>\n\t\t\t\t<\/div>\n\t\t\t\t\t<\/div>\n\t\t<\/div>\n\t\t\t\t\t\t\t<\/div>\n\t\t<\/section>\n\t\t\t\t<section class=\"elementor-section elementor-top-section elementor-element elementor-element-s7z2oba elementor-section-height-min-height elementor-section-boxed elementor-section-height-default elementor-section-items-middle\" data-id=\"s7z2oba\" data-element_type=\"section\">\n\t\t\t\t\t\t<div class=\"elementor-container elementor-column-gap-default\">\n\t\t\t\t\t<div class=\"elementor-column elementor-col-50 elementor-top-column elementor-element elementor-element-f485586\" data-id=\"f485586\" data-element_type=\"column\">\n\t\t\t<div class=\"elementor-widget-wrap elementor-element-populated\">\n\t\t\t\t\t\t\t\t<div class=\"elementor-element elementor-element-b5d284b elementor-widget elementor-widget-image\" data-id=\"b5d284b\" data-element_type=\"widget\" data-widget_type=\"image.default\">\n\t\t\t\t<div class=\"elementor-widget-container\">\n\t\t\t<style>\/*! elementor - v3.15.0 - 20-08-2023 *\/\n.elementor-widget-image{text-align:center}.elementor-widget-image a{display:inline-block}.elementor-widget-image a img[src$=\".svg\"]{width:48px}.elementor-widget-image img{vertical-align:middle;display:inline-block}<\/style>\t\t\t\t\t\t\t\t\t\t\t\t<img loading=\"lazy\" decoding=\"async\" width=\"2560\" height=\"1702\" src=\"https:\/\/ukskanu.pl\/wp-content\/uploads\/2023\/08\/IMGP0302-scaled.jpg\" class=\"attachment-full size-full wp-image-1484\" alt=\"\" srcset=\"https:\/\/ukskanu.pl\/wp-content\/uploads\/2023\/08\/IMGP0302-scaled.jpg 2560w, https:\/\/ukskanu.pl\/wp-content\/uploads\/2023\/08\/IMGP0302-300x199.jpg 300w, https:\/\/ukskanu.pl\/wp-content\/uploads\/2023\/08\/IMGP0302-1024x681.jpg 1024w, https:\/\/ukskanu.pl\/wp-content\/uploads\/2023\/08\/IMGP0302-768x511.jpg 768w, https:\/\/ukskanu.pl\/wp-content\/uploads\/2023\/08\/IMGP0302-1536x1021.jpg 1536w, https:\/\/ukskanu.pl\/wp-content\/uploads\/2023\/08\/IMGP0302-2048x1362.jpg 2048w\" sizes=\"auto, (max-width: 2560px) 100vw, 2560px\" \/>\t\t\t\t\t\t\t\t\t\t\t\t\t\t\t<\/div>\n\t\t\t\t<\/div>\n\t\t\t\t\t<\/div>\n\t\t<\/div>\n\t\t\t\t<div class=\"elementor-column elementor-col-50 elementor-top-column elementor-element elementor-element-7d00c84\" data-id=\"7d00c84\" data-element_type=\"column\">\n\t\t\t<div class=\"elementor-widget-wrap elementor-element-populated\">\n\t\t\t\t\t\t\t\t<div class=\"elementor-element elementor-element-8ce1b85 elementor-widget elementor-widget-heading\" data-id=\"8ce1b85\" data-element_type=\"widget\" data-widget_type=\"heading.default\">\n\t\t\t\t<div class=\"elementor-widget-container\">\n\t\t\t<h4 class=\"elementor-heading-title elementor-size-default\">Kajak polo<\/h4>\t\t<\/div>\n\t\t\t\t<\/div>\n\t\t\t\t<div class=\"elementor-element elementor-element-c31e03f elementor-widget elementor-widget-text-editor\" data-id=\"c31e03f\" data-element_type=\"widget\" data-widget_type=\"text-editor.default\">\n\t\t\t\t<div class=\"elementor-widget-container\">\n\t\t\t<style>\/*! elementor - v3.15.0 - 20-08-2023 *\/\n.elementor-widget-text-editor.elementor-drop-cap-view-stacked .elementor-drop-cap{background-color:#69727d;color:#fff}.elementor-widget-text-editor.elementor-drop-cap-view-framed .elementor-drop-cap{color:#69727d;border:3px solid;background-color:transparent}.elementor-widget-text-editor:not(.elementor-drop-cap-view-default) .elementor-drop-cap{margin-top:8px}.elementor-widget-text-editor:not(.elementor-drop-cap-view-default) .elementor-drop-cap-letter{width:1em;height:1em}.elementor-widget-text-editor .elementor-drop-cap{float:left;text-align:center;line-height:1;font-size:50px}.elementor-widget-text-editor .elementor-drop-cap-letter{display:inline-block}<\/style>\t\t\t\t<p>Kajak polo to dynamiczna i emocjonuj\u0105ca dyscyplina sportowa, kt\u00f3ra \u0142\u0105czy w sobie elementy kajakarstwa i pi\u0142ki wodnej, koszyk\u00f3wki. Gracze poruszaj\u0105 si\u0119 po wodzie w zwrotnych kajakach, staraj\u0105c si\u0119 zdoby\u0107 gola, wprowadzaj\u0105c pi\u0142k\u0119 do bramki przeciwnika. Gra toczy si\u0119 na boisku o wymiarach 35\/23 metry.<\/p>\t\t\t\t\t\t<\/div>\n\t\t\t\t<\/div>\n\t\t\t\t<div class=\"elementor-element elementor-element-6e85753 elementor-widget elementor-widget-button\" data-id=\"6e85753\" data-element_type=\"widget\" data-widget_type=\"button.default\">\n\t\t\t\t<div class=\"elementor-widget-container\">\n\t\t\t\t\t<div class=\"elementor-button-wrapper\">\n\t\t\t<a class=\"elementor-button elementor-button-link elementor-size-sm\" href=\"https:\/\/ukskanu.pl\/?page_id=1653\">\n\t\t\t\t\t\t<span class=\"elementor-button-content-wrapper\">\n\t\t\t\t\t\t<span class=\"elementor-button-text\">Dowiedz si\u0119 wi\u0119cej<\/span>\n\t\t<\/span>\n\t\t\t\t\t<\/a>\n\t\t<\/div>\n\t\t\t\t<\/div>\n\t\t\t\t<\/div>\n\t\t\t\t\t<\/div>\n\t\t<\/div>\n\t\t\t\t\t\t\t<\/div>\n\t\t<\/section>\n\t\t\t\t<section class=\"elementor-section elementor-top-section elementor-element elementor-element-5vj7nsi elementor-section-boxed elementor-section-height-default elementor-section-height-default\" data-id=\"5vj7nsi\" data-element_type=\"section\">\n\t\t\t\t\t\t<div class=\"elementor-container elementor-column-gap-default\">\n\t\t\t\t\t<div class=\"elementor-column elementor-col-50 elementor-top-column elementor-element elementor-element-15cfb90\" data-id=\"15cfb90\" data-element_type=\"column\">\n\t\t\t<div class=\"elementor-widget-wrap elementor-element-populated\">\n\t\t\t\t\t\t\t\t<div class=\"elementor-element elementor-element-a26d886 elementor-widget__width-initial elementor-widget elementor-widget-image\" data-id=\"a26d886\" data-element_type=\"widget\" data-widget_type=\"image.default\">\n\t\t\t\t<div class=\"elementor-widget-container\">\n\t\t\t\t\t\t\t\t\t\t\t\t\t\t\t<img loading=\"lazy\" decoding=\"async\" width=\"262\" height=\"193\" src=\"https:\/\/ukskanu.pl\/wp-content\/uploads\/2023\/08\/pobrane.jpg\" class=\"attachment-full size-full wp-image-1563\" alt=\"\" \/>\t\t\t\t\t\t\t\t\t\t\t\t\t\t\t<\/div>\n\t\t\t\t<\/div>\n\t\t\t\t\t<\/div>\n\t\t<\/div>\n\t\t\t\t<div class=\"elementor-column elementor-col-50 elementor-top-column elementor-element elementor-element-97c09ce\" data-id=\"97c09ce\" data-element_type=\"column\">\n\t\t\t<div class=\"elementor-widget-wrap elementor-element-populated\">\n\t\t\t\t\t\t\t\t<div class=\"elementor-element elementor-element-cfc6530 elementor-widget elementor-widget-heading\" data-id=\"cfc6530\" data-element_type=\"widget\" data-widget_type=\"heading.default\">\n\t\t\t\t<div class=\"elementor-widget-container\">\n\t\t\t<h4 class=\"elementor-heading-title elementor-size-default\">Historia<\/h4>\t\t<\/div>\n\t\t\t\t<\/div>\n\t\t\t\t<div class=\"elementor-element elementor-element-f06fcd5 elementor-widget elementor-widget-text-editor\" data-id=\"f06fcd5\" data-element_type=\"widget\" data-widget_type=\"text-editor.default\">\n\t\t\t\t<div class=\"elementor-widget-container\">\n\t\t\t\t\t\t\t<p>Tell your visitor how your service can improve their life. Connect with the problem that they&#8217;re trying to solve and address any objections you think they might have.<\/p><p>\u00a0<\/p><p>What is the biggest benefit your customer will get from this? Keep your target audience in mind.<\/p>\t\t\t\t\t\t<\/div>\n\t\t\t\t<\/div>\n\t\t\t\t<div class=\"elementor-element elementor-element-cbbda10 elementor-widget elementor-widget-button\" data-id=\"cbbda10\" data-element_type=\"widget\" data-widget_type=\"button.default\">\n\t\t\t\t<div class=\"elementor-widget-container\">\n\t\t\t\t\t<div class=\"elementor-button-wrapper\">\n\t\t\t<a class=\"elementor-button elementor-button-link elementor-size-sm\" href=\"#\">\n\t\t\t\t\t\t<span class=\"elementor-button-content-wrapper\">\n\t\t\t\t\t\t<span class=\"elementor-button-text\">Dowiedz si\u0119 wi\u0119cej<\/span>\n\t\t<\/span>\n\t\t\t\t\t<\/a>\n\t\t<\/div>\n\t\t\t\t<\/div>\n\t\t\t\t<\/div>\n\t\t\t\t\t<\/div>\n\t\t<\/div>\n\t\t\t\t\t\t\t<\/div>\n\t\t<\/section>\n\t\t\t\t<section class=\"elementor-section elementor-top-section elementor-element elementor-element-cz5ut98 elementor-section-boxed elementor-section-height-default elementor-section-height-default\" data-id=\"cz5ut98\" data-element_type=\"section\">\n\t\t\t\t\t\t<div class=\"elementor-container elementor-column-gap-default\">\n\t\t\t\t\t<div class=\"elementor-column elementor-col-50 elementor-top-column elementor-element elementor-element-7609ad3\" data-id=\"7609ad3\" data-element_type=\"column\">\n\t\t\t<div class=\"elementor-widget-wrap elementor-element-populated\">\n\t\t\t\t\t\t\t\t<div class=\"elementor-element elementor-element-3dd6d97 elementor-widget elementor-widget-image\" data-id=\"3dd6d97\" data-element_type=\"widget\" data-widget_type=\"image.default\">\n\t\t\t\t<div class=\"elementor-widget-container\">\n\t\t\t\t\t\t\t\t\t\t\t\t\t\t\t<img loading=\"lazy\" decoding=\"async\" width=\"923\" height=\"467\" src=\"https:\/\/ukskanu.pl\/wp-content\/uploads\/2023\/08\/357706836_743844154208965_8903039157875677872_n-e1693255040155.jpg\" class=\"attachment-full size-full wp-image-1556\" alt=\"\" srcset=\"https:\/\/ukskanu.pl\/wp-content\/uploads\/2023\/08\/357706836_743844154208965_8903039157875677872_n-e1693255040155.jpg 923w, https:\/\/ukskanu.pl\/wp-content\/uploads\/2023\/08\/357706836_743844154208965_8903039157875677872_n-e1693255040155-300x152.jpg 300w, https:\/\/ukskanu.pl\/wp-content\/uploads\/2023\/08\/357706836_743844154208965_8903039157875677872_n-e1693255040155-768x389.jpg 768w\" sizes=\"auto, (max-width: 923px) 100vw, 923px\" \/>\t\t\t\t\t\t\t\t\t\t\t\t\t\t\t<\/div>\n\t\t\t\t<\/div>\n\t\t\t\t\t<\/div>\n\t\t<\/div>\n\t\t\t\t<div class=\"elementor-column elementor-col-50 elementor-top-column elementor-element elementor-element-40bfc21\" data-id=\"40bfc21\" data-element_type=\"column\">\n\t\t\t<div class=\"elementor-widget-wrap elementor-element-populated\">\n\t\t\t\t\t\t\t\t<div class=\"elementor-element elementor-element-7cce840 elementor-widget elementor-widget-heading\" data-id=\"7cce840\" data-element_type=\"widget\" data-widget_type=\"heading.default\">\n\t\t\t\t<div class=\"elementor-widget-container\">\n\t\t\t<h4 class=\"elementor-heading-title elementor-size-default\">Przepisy<\/h4>\t\t<\/div>\n\t\t\t\t<\/div>\n\t\t\t\t<div class=\"elementor-element elementor-element-18dff64 elementor-widget elementor-widget-text-editor\" data-id=\"18dff64\" data-element_type=\"widget\" data-widget_type=\"text-editor.default\">\n\t\t\t\t<div class=\"elementor-widget-container\">\n\t\t\t\t\t\t\t<p lang=\"pl-PL\" align=\"justify\"><span style=\"font-size: small;\"><span style=\"font-size: medium;\">Rozpocz\u0119cie gry. <\/span><\/span><\/p><p lang=\"pl-PL\" align=\"justify\"><span style=\"font-size: small;\"><span style=\"font-size: medium;\">&#8222;Zesp\u00f3\u0142 musi rozpocz\u0105\u0107 mecz 5 zawodnikami przygotowanymi do gry, ustawionymi nieruchomo<\/span> <span style=\"font-size: medium;\">na<\/span> <span style=\"font-size: medium;\">swojej<\/span> <span style=\"font-size: medium;\">linii<\/span> <span style=\"font-size: medium;\">bramkowej.<\/span> <span style=\"font-size: medium;\">Wym\u00f3g<\/span> <span style=\"font-size: medium;\">5<\/span> <span style=\"font-size: medium;\">zawodnik\u00f3w<\/span> <span style=\"font-size: medium;\">nie<\/span> <span style=\"font-size: medium;\">dotyczy<\/span> <span style=\"font-size: medium;\">sytuacji,<\/span> <span style=\"font-size: medium;\">gdy<\/span> <span style=\"font-size: medium;\">w trakcie<\/span> <span style=\"font-size: medium;\">meczu<\/span> <span style=\"font-size: medium;\">liczba<\/span> <span style=\"font-size: medium;\">zawodnik\u00f3w<\/span> <span style=\"font-size: medium;\">w<\/span> <span style=\"font-size: medium;\">zespole<\/span> <span style=\"font-size: medium;\">zostanie<\/span> <span style=\"font-size: medium;\">zredukowana<\/span> <span style=\"font-size: medium;\">w<\/span> <span style=\"font-size: medium;\">wyniku<\/span> <span style=\"font-size: medium;\">przyznanych kartek\/sankcji lub w wyniku wyst\u0105pienia kontuzji<\/span> <span style=\"font-size: medium;\">zawodnika.&#8221;<\/span><\/span><\/p>\t\t\t\t\t\t<\/div>\n\t\t\t\t<\/div>\n\t\t\t\t<div class=\"elementor-element elementor-element-5c0ecfe elementor-widget elementor-widget-button\" data-id=\"5c0ecfe\" data-element_type=\"widget\" data-widget_type=\"button.default\">\n\t\t\t\t<div class=\"elementor-widget-container\">\n\t\t\t\t\t<div class=\"elementor-button-wrapper\">\n\t\t\t<a class=\"elementor-button elementor-button-link elementor-size-sm\" href=\"https:\/\/ukskanu.pl\/?page_id=1557\">\n\t\t\t\t\t\t<span class=\"elementor-button-content-wrapper\">\n\t\t\t\t\t\t<span class=\"elementor-button-text\">Dowiedz si\u0119 wi\u0119cej<\/span>\n\t\t<\/span>\n\t\t\t\t\t<\/a>\n\t\t<\/div>\n\t\t\t\t<\/div>\n\t\t\t\t<\/div>\n\t\t\t\t\t<\/div>\n\t\t<\/div>\n\t\t\t\t\t\t\t<\/div>\n\t\t<\/section>\n\t\t\t\t<section class=\"elementor-section elementor-top-section elementor-element elementor-element-71959f1e elementor-section-boxed elementor-section-height-default elementor-section-height-default\" data-id=\"71959f1e\" data-element_type=\"section\">\n\t\t\t\t\t\t<div class=\"elementor-container elementor-column-gap-default\">\n\t\t\t\t\t<div class=\"elementor-column elementor-col-50 elementor-top-column elementor-element elementor-element-4d283473\" data-id=\"4d283473\" data-element_type=\"column\">\n\t\t\t<div class=\"elementor-widget-wrap elementor-element-populated\">\n\t\t\t\t\t\t\t\t<div class=\"elementor-element elementor-element-613c4a9c elementor-widget elementor-widget-text-editor\" data-id=\"613c4a9c\" data-element_type=\"widget\" data-widget_type=\"text-editor.default\">\n\t\t\t\t<div class=\"elementor-widget-container\">\n\t\t\t\t\t\t\t<p>Sponsorzy:<\/p>\t\t\t\t\t\t<\/div>\n\t\t\t\t<\/div>\n\t\t\t\t<div class=\"elementor-element elementor-element-5efa9c39 elementor-widget elementor-widget-image\" data-id=\"5efa9c39\" data-element_type=\"widget\" data-widget_type=\"image.default\">\n\t\t\t\t<div class=\"elementor-widget-container\">\n\t\t\t\t\t\t\t\t\t\t\t\t\t\t\t<img loading=\"lazy\" decoding=\"async\" width=\"1024\" height=\"154\" src=\"https:\/\/ukskanu.pl\/wp-content\/uploads\/2023\/08\/baner-sponsor-1024x154.jpg\" class=\"attachment-large size-large wp-image-1574\" alt=\"\" srcset=\"https:\/\/ukskanu.pl\/wp-content\/uploads\/2023\/08\/baner-sponsor-1024x154.jpg 1024w, https:\/\/ukskanu.pl\/wp-content\/uploads\/2023\/08\/baner-sponsor-300x45.jpg 300w, https:\/\/ukskanu.pl\/wp-content\/uploads\/2023\/08\/baner-sponsor-768x115.jpg 768w, https:\/\/ukskanu.pl\/wp-content\/uploads\/2023\/08\/baner-sponsor-1536x231.jpg 1536w, https:\/\/ukskanu.pl\/wp-content\/uploads\/2023\/08\/baner-sponsor.jpg 1862w\" sizes=\"auto, (max-width: 1024px) 100vw, 1024px\" \/>\t\t\t\t\t\t\t\t\t\t\t\t\t\t\t<\/div>\n\t\t\t\t<\/div>\n\t\t\t\t\t<\/div>\n\t\t<\/div>\n\t\t\t\t<div class=\"elementor-column elementor-col-50 elementor-top-column elementor-element elementor-element-1d441fa3\" data-id=\"1d441fa3\" data-element_type=\"column\">\n\t\t\t<div class=\"elementor-widget-wrap elementor-element-populated\">\n\t\t\t\t\t\t\t\t<div class=\"elementor-element elementor-element-48dea4bd elementor-widget elementor-widget-text-editor\" data-id=\"48dea4bd\" data-element_type=\"widget\" data-widget_type=\"text-editor.default\">\n\t\t\t\t<div class=\"elementor-widget-container\">\n\t\t\t\t\t\t\t<p>Partnerzy:<\/p>\t\t\t\t\t\t<\/div>\n\t\t\t\t<\/div>\n\t\t\t\t<div class=\"elementor-element elementor-element-4e268d41 elementor-widget elementor-widget-image\" data-id=\"4e268d41\" data-element_type=\"widget\" data-widget_type=\"image.default\">\n\t\t\t\t<div class=\"elementor-widget-container\">\n\t\t\t\t\t\t\t\t\t\t\t\t\t\t\t<img loading=\"lazy\" decoding=\"async\" width=\"1024\" height=\"201\" src=\"https:\/\/ukskanu.pl\/wp-content\/uploads\/2023\/08\/logo-1024x201.jpg\" class=\"attachment-large size-large wp-image-1573\" alt=\"\" srcset=\"https:\/\/ukskanu.pl\/wp-content\/uploads\/2023\/08\/logo-1024x201.jpg 1024w, https:\/\/ukskanu.pl\/wp-content\/uploads\/2023\/08\/logo-300x59.jpg 300w, https:\/\/ukskanu.pl\/wp-content\/uploads\/2023\/08\/logo-768x151.jpg 768w, https:\/\/ukskanu.pl\/wp-content\/uploads\/2023\/08\/logo-1536x302.jpg 1536w, https:\/\/ukskanu.pl\/wp-content\/uploads\/2023\/08\/logo.jpg 1830w\" sizes=\"auto, (max-width: 1024px) 100vw, 1024px\" \/>\t\t\t\t\t\t\t\t\t\t\t\t\t\t\t<\/div>\n\t\t\t\t<\/div>\n\t\t\t\t\t<\/div>\n\t\t<\/div>\n\t\t\t\t\t\t\t<\/div>\n\t\t<\/section>\n\t\t\t\t\t\t\t<\/div>\n\t\t","protected":false},"excerpt":{"rendered":"<p>Kajak polo Kajak polo Kajak polo to dynamiczna i emocjonuj\u0105ca dyscyplina sportowa, kt\u00f3ra \u0142\u0105czy w sobie elementy kajakarstwa i pi\u0142ki wodnej, koszyk\u00f3wki. Gracze poruszaj\u0105 si\u0119 po wodzie w zwrotnych kajakach, staraj\u0105c si\u0119 zdoby\u0107 gola, wprowadzaj\u0105c pi\u0142k\u0119 do bramki przeciwnika. Gra toczy si\u0119 na boisku o wymiarach 35\/23 metry. Dowiedz si\u0119 wi\u0119cej Historia Tell your visitor &hellip;<\/p>\n<p class=\"read-more\"> <a class=\"\" href=\"https:\/\/ukskanu.pl\/?page_id=9\"> <span class=\"screen-reader-text\">Kajak polo zbi\u00f3r<\/span> Read More &raquo;<\/a><\/p>\n","protected":false},"author":1,"featured_media":0,"parent":0,"menu_order":0,"comment_status":"closed","ping_status":"closed","template":"","meta":{"_uag_custom_page_level_css":"","site-sidebar-layout":"default","site-content-layout":"","ast-site-content-layout":"","site-content-style":"default","site-sidebar-style":"default","ast-global-header-display":"","ast-banner-title-visibility":"","ast-main-header-display":"","ast-hfb-above-header-display":"","ast-hfb-below-header-display":"","ast-hfb-mobile-header-display":"","site-post-title":"","ast-breadcrumbs-content":"","ast-featured-img":"","footer-sml-layout":"","theme-transparent-header-meta":"","adv-header-id-meta":"","stick-header-meta":"","header-above-stick-meta":"","header-main-stick-meta":"","header-below-stick-meta":"","astra-migrate-meta-layouts":"","footnotes":""},"class_list":["post-9","page","type-page","status-publish","hentry"],"uagb_featured_image_src":{"full":false,"thumbnail":false,"medium":false,"medium_large":false,"large":false,"1536x1536":false,"2048x2048":false},"uagb_author_info":{"display_name":"ukskanu","author_link":"https:\/\/ukskanu.pl\/?author=1"},"uagb_comment_info":0,"uagb_excerpt":"Kajak polo Kajak polo Kajak polo to dynamiczna i emocjonuj\u0105ca dyscyplina sportowa, kt\u00f3ra \u0142\u0105czy w sobie elementy kajakarstwa i pi\u0142ki wodnej, koszyk\u00f3wki. Gracze poruszaj\u0105 si\u0119 po wodzie w zwrotnych kajakach, staraj\u0105c si\u0119 zdoby\u0107 gola, wprowadzaj\u0105c pi\u0142k\u0119 do bramki przeciwnika. Gra toczy si\u0119 na boisku o wymiarach 35\/23 metry. Dowiedz si\u0119 wi\u0119cej Historia Tell your visitor&hellip;","_links":{"self":[{"href":"https:\/\/ukskanu.pl\/index.php?rest_route=\/wp\/v2\/pages\/9","targetHints":{"allow":["GET"]}}],"collection":[{"href":"https:\/\/ukskanu.pl\/index.php?rest_route=\/wp\/v2\/pages"}],"about":[{"href":"https:\/\/ukskanu.pl\/index.php?rest_route=\/wp\/v2\/types\/page"}],"author":[{"embeddable":true,"href":"https:\/\/ukskanu.pl\/index.php?rest_route=\/wp\/v2\/users\/1"}],"replies":[{"embeddable":true,"href":"https:\/\/ukskanu.pl\/index.php?rest_route=%2Fwp%2Fv2%2Fcomments&post=9"}],"version-history":[{"count":25,"href":"https:\/\/ukskanu.pl\/index.php?rest_route=\/wp\/v2\/pages\/9\/revisions"}],"predecessor-version":[{"id":1724,"href":"https:\/\/ukskanu.pl\/index.php?rest_route=\/wp\/v2\/pages\/9\/revisions\/1724"}],"wp:attachment":[{"href":"https:\/\/ukskanu.pl\/index.php?rest_route=%2Fwp%2Fv2%2Fmedia&parent=9"}],"curies":[{"name":"wp","href":"https:\/\/api.w.org\/{rel}","templated":true}]}}