{"id":1676,"date":"2023-08-28T22:06:26","date_gmt":"2023-08-28T20:06:26","guid":{"rendered":"https:\/\/ukskanu.pl\/?page_id=1676"},"modified":"2023-08-28T22:33:23","modified_gmt":"2023-08-28T20:33:23","slug":"historia","status":"publish","type":"page","link":"https:\/\/ukskanu.pl\/?page_id=1676","title":{"rendered":"Historia"},"content":{"rendered":"\t\t<div data-elementor-type=\"wp-page\" data-elementor-id=\"1676\" class=\"elementor elementor-1676\">\n\t\t\t\t\t\t\t\t\t<section class=\"elementor-section elementor-top-section elementor-element elementor-element-6be17587 elementor-section-height-min-height elementor-section-items-top elementor-section-boxed elementor-section-height-default\" data-id=\"6be17587\" data-element_type=\"section\" data-settings=\"{&quot;background_background&quot;:&quot;classic&quot;}\">\n\t\t\t\t\t\t\t<div class=\"elementor-background-overlay\"><\/div>\n\t\t\t\t\t\t\t<div class=\"elementor-container elementor-column-gap-default\">\n\t\t\t\t\t<div class=\"elementor-column elementor-col-100 elementor-top-column elementor-element elementor-element-215ded6b\" data-id=\"215ded6b\" data-element_type=\"column\">\n\t\t\t<div class=\"elementor-widget-wrap elementor-element-populated\">\n\t\t\t\t\t\t\t\t<div class=\"elementor-element elementor-element-2b4ca647 elementor-widget elementor-widget-heading\" data-id=\"2b4ca647\" data-element_type=\"widget\" data-widget_type=\"heading.default\">\n\t\t\t\t<div class=\"elementor-widget-container\">\n\t\t\t<style>\/*! elementor - v3.15.0 - 20-08-2023 *\/\n.elementor-heading-title{padding:0;margin:0;line-height:1}.elementor-widget-heading .elementor-heading-title[class*=elementor-size-]>a{color:inherit;font-size:inherit;line-height:inherit}.elementor-widget-heading .elementor-heading-title.elementor-size-small{font-size:15px}.elementor-widget-heading .elementor-heading-title.elementor-size-medium{font-size:19px}.elementor-widget-heading .elementor-heading-title.elementor-size-large{font-size:29px}.elementor-widget-heading .elementor-heading-title.elementor-size-xl{font-size:39px}.elementor-widget-heading .elementor-heading-title.elementor-size-xxl{font-size:59px}<\/style><h1 class=\"elementor-heading-title elementor-size-default\">Historia<\/h1>\t\t<\/div>\n\t\t\t\t<\/div>\n\t\t\t\t\t<\/div>\n\t\t<\/div>\n\t\t\t\t\t\t\t<\/div>\n\t\t<\/section>\n\t\t\t\t<section class=\"elementor-section elementor-top-section elementor-element elementor-element-4daa5d5d elementor-section-boxed elementor-section-height-default elementor-section-height-default\" data-id=\"4daa5d5d\" data-element_type=\"section\">\n\t\t\t\t\t\t<div class=\"elementor-container elementor-column-gap-default\">\n\t\t\t\t\t<div class=\"elementor-column elementor-col-100 elementor-top-column elementor-element elementor-element-6affd16b\" data-id=\"6affd16b\" data-element_type=\"column\">\n\t\t\t<div class=\"elementor-widget-wrap elementor-element-populated\">\n\t\t\t\t\t\t\t\t<div class=\"elementor-element elementor-element-c75b33e elementor-widget elementor-widget-heading\" data-id=\"c75b33e\" data-element_type=\"widget\" data-widget_type=\"heading.default\">\n\t\t\t\t<div class=\"elementor-widget-container\">\n\t\t\t<h2 class=\"elementor-heading-title elementor-size-default\">Historia kajak polo na \u015bwiecie<\/h2>\t\t<\/div>\n\t\t\t\t<\/div>\n\t\t\t\t<div class=\"elementor-element elementor-element-69ce489 elementor-widget elementor-widget-text-editor\" data-id=\"69ce489\" data-element_type=\"widget\" data-widget_type=\"text-editor.default\">\n\t\t\t\t<div class=\"elementor-widget-container\">\n\t\t\t<style>\/*! elementor - v3.15.0 - 20-08-2023 *\/\n.elementor-widget-text-editor.elementor-drop-cap-view-stacked .elementor-drop-cap{background-color:#69727d;color:#fff}.elementor-widget-text-editor.elementor-drop-cap-view-framed .elementor-drop-cap{color:#69727d;border:3px solid;background-color:transparent}.elementor-widget-text-editor:not(.elementor-drop-cap-view-default) .elementor-drop-cap{margin-top:8px}.elementor-widget-text-editor:not(.elementor-drop-cap-view-default) .elementor-drop-cap-letter{width:1em;height:1em}.elementor-widget-text-editor .elementor-drop-cap{float:left;text-align:center;line-height:1;font-size:50px}.elementor-widget-text-editor .elementor-drop-cap-letter{display:inline-block}<\/style>\t\t\t\t<p>Pierwszymi tw\u00f3rcami kajaka byli Eskimosi, Samo s\u0142owo ,kajak&#8221; wywodzi si\u0119 z ich j\u0119zyka i oznacza cz\u00f3\u0142no s\u0142u\u017c\u0105ce do polowania. Do budowy pierwotnych \u0142\u00f3dek wykorzystywano sk\u00f3ry fok, kt\u00f3rymi obci\u0105gano szkielet stworzony z o\u015bci ryb i fragment\u00f3w drzewa. Prekursorem w budowie drewnianych kajak\u00f3w byt Szkot John MeGregor, kt\u00f3ry sw\u00f3j pierwszy turystyczny kajak zbudowa\u0142 w 1860. Z up\u0142ywem lat zacz\u0119to wykorzystywa\u0107 te pojazdy do rywalizacji i tak powsta\u0142a dyscyplina sportu jak\u0105 jest kajakarstwo, Po raz pierwszy wy\u015bcigi na kajakach zosta\u0142y wprowadzone do programu Igrzysk Olimpijskich w Montrealu w 1936 roku. W Europie na prze\u0142omie lat trzydziestych XX wieku powsta\u0142o canoe-polo- czyli pi\u0142ka kajakowa (Andziak, Pawelec 1998). Pa\u0144stwami prekursorskim, kt\u00f3re jako pierwsze zacz\u0119\u0142y gra\u0107 W kajak polo by\u0142y: Holandia, Francja, W\u0142ochy, Anglia, Irlandia, Belgia, Niemcy. W podobnym czasie kajak polo pojawi\u0142o si\u0119 poza granicami Europy: w Australii, Japonii, Brazylii, Tajwanie, Kanadzie, Nowej Zelandii a nawet w Republice Po\u0142udniowej Afryki. Pierwsze informacje o pi\u0142ce kajakowej w Polsce pochodz\u0105 z lat trzydziestych. W naszym kraju by\u0142a to raczej forma zabawy na kajakach, jednak niekt\u00f3re wcze\u015bniej wymienione kraje jak: Australia, Francja czy Anglia pod koniec lat <span style=\"color: #1c1e21;\"><span style=\"font-family: inherit;\"><span style=\"font-size: medium;\">trzydziestych posiada\u0142y zorganizowany system rozgrywek ligowych. <\/span><\/span><\/span><span style=\"color: #1c1e21;\"><span style=\"font-family: inherit;\"><span style=\"font-size: medium;\">T<\/span><\/span><\/span><span style=\"color: #1c1e21;\"><span style=\"font-family: inherit;\"><span style=\"font-size: medium;\">urni<\/span><\/span><\/span><span style=\"color: #1c1e21;\"><span style=\"font-family: inherit;\"><span style=\"font-size: medium;\">e<\/span><\/span><\/span><span style=\"color: #1c1e21;\"><span style=\"font-family: inherit;\"><span style=\"font-size: medium;\">je canoe polo rozgrywane by<\/span><\/span><\/span><span style=\"color: #1c1e21;\"><span style=\"font-family: inherit;\"><span style=\"font-size: medium;\">\u0142<\/span><\/span><\/span><span style=\"color: #1c1e21;\"><span style=\"font-family: inherit;\"><span style=\"font-size: medium;\">y na arenie krajowej raz na jaki\u015b <\/span><\/span><\/span><span style=\"color: #1c1e21;\"><span style=\"font-family: inherit;\"><span style=\"font-size: medium;\">czas<\/span><\/span><\/span><span style=\"color: #1c1e21;\"><span style=\"font-family: inherit;\"><span style=\"font-size: medium;\"> dochodzi\u0142o do spotka\u0144 zaprzyja\u017anionych klub\u00f3w z s\u0105siaduj\u0105cych pa\u0144stw. <\/span><\/span><\/span><\/p><p><span style=\"color: #1c1e21;\"><span style=\"font-family: inherit;\"><span style=\"font-size: medium;\">W<\/span><\/span><\/span><span style=\"color: #1c1e21;\"><span style=\"font-family: inherit;\"><span style=\"font-size: medium;\"> roku 1986 zosta\u0142 powo\u0142any komitet kajak polo przy Mi\u0119dzynarodowej Federacji Kajakowej (ICF). Kolejnym krokiem byto wprowadzenie 1990 roku mi<\/span><\/span><\/span><span style=\"color: #1c1e21;\"><span style=\"font-family: inherit;\"><span style=\"font-size: medium;\">\u0119<\/span><\/span><\/span><span style=\"color: #1c1e21;\"><span style=\"font-family: inherit;\"><span style=\"font-size: medium;\">d<\/span><\/span><\/span><span style=\"color: #1c1e21;\"><span style=\"font-family: inherit;\"><span style=\"font-size: medium;\">z<\/span><\/span><\/span><span style=\"color: #1c1e21;\"><span style=\"font-family: inherit;\"><span style=\"font-size: medium;\">y<\/span><\/span><\/span><span style=\"color: #1c1e21;\"><span style=\"font-family: inherit;\"><span style=\"font-size: medium;\">n<\/span><\/span><\/span><span style=\"color: #1c1e21;\"><span style=\"font-family: inherit;\"><span style=\"font-size: medium;\">arodowych przepis\u00f3w. <\/span><\/span><\/span><\/p><p><span style=\"color: #1c1e21;\"><span style=\"font-family: inherit;\"><span style=\"font-size: medium;\">Pierwsze oficjalne Mistrzostwa <\/span><\/span><\/span><span style=\"color: #1c1e21;\"><span style=\"font-family: inherit;\"><span style=\"font-size: medium;\">\u015a<\/span><\/span><\/span><span style=\"color: #1c1e21;\"><span style=\"font-family: inherit;\"><span style=\"font-size: medium;\">wiata zorganizowa\u0142<\/span><\/span><\/span><span style=\"color: #1c1e21;\"><span style=\"font-family: inherit;\"><span style=\"font-size: medium;\">a<\/span><\/span><\/span><span style=\"color: #1c1e21;\"><span style=\"font-family: inherit;\"><span style=\"font-size: medium;\"> Wielka Brytania, a mia\u0142o to miejsce <\/span><\/span><\/span><span style=\"color: #1c1e21;\"><span style=\"font-family: inherit;\"><span style=\"font-size: medium;\">w<\/span><\/span><\/span><span style=\"color: #1c1e21;\"><span style=\"font-family: inherit;\"><span style=\"font-size: medium;\"> Sheffield <\/span><\/span><\/span><span style=\"color: #1c1e21;\"><span style=\"font-family: inherit;\"><span style=\"font-size: medium;\">w<\/span><\/span><\/span><span style=\"color: #1c1e21;\"><span style=\"font-family: inherit;\"><span style=\"font-size: medium;\"> 1994 roku. Mistrzami \u015bwiata, zar\u00f3wno w\u015br\u00f3d kobiet jak m\u0119\u017cczyzn, zosta\u0142y dru\u017cyny z Australii. Kolejne zawody rangi mistrzowskiej odby\u0142y si\u0119 <\/span><\/span><\/span><span style=\"color: #1c1e21;\"><span style=\"font-family: inherit;\"><span style=\"font-size: medium;\">W<\/span><\/span><\/span><span style=\"color: #1c1e21;\"><span style=\"font-family: inherit;\"><span style=\"font-size: medium;\"> Adelajdzie (Australia) 1<\/span><\/span><\/span><span style=\"color: #1c1e21;\"><span style=\"font-family: inherit;\"><span style=\"font-size: medium;\">9<\/span><\/span><\/span><span style=\"color: #1c1e21;\"><span style=\"font-family: inherit;\"><span style=\"font-size: medium;\">96 po raz kolejny tytu\u0142 w\u015br\u00f3d m\u0119\u017cczyzn wywalczyli <\/span><\/span><\/span><span style=\"color: #1c1e21;\"><span style=\"font-family: inherit;\"><span style=\"font-size: medium;\">zawodnicy z Australii a w konkurencji kobiet<\/span><\/span><\/span><span style=\"color: #1c1e21;\"><span style=\"font-family: inherit;\"><span style=\"font-size: medium;\"> dru\u017cyna Wielkiej Brytanii.<\/span><\/span><\/span><\/p><p><span style=\"color: #1c1e21;\"> <span style=\"font-family: inherit;\"><span style=\"font-size: medium;\">Mistrzostwa Europy po raz pierwszy zosta\u0142y zorganizowane <\/span><\/span><\/span><span style=\"color: #1c1e21;\"><span style=\"font-family: inherit;\"><span style=\"font-size: medium;\">w<\/span><\/span><\/span><span style=\"color: #1c1e21;\"><span style=\"font-family: inherit;\"><span style=\"font-size: medium;\"> Rzymie <\/span><\/span><\/span><span style=\"color: #1c1e21;\"><span style=\"font-family: inherit;\"><span style=\"font-size: medium;\">w<\/span><\/span><\/span><span style=\"color: #1c1e21;\"><span style=\"font-family: inherit;\"><span style=\"font-size: medium;\">1995 roku, zwyci\u0119zcami <\/span><\/span><\/span><span style=\"color: #1c1e21;\"><span style=\"font-family: inherit;\"><span style=\"font-size: medium;\">w<\/span><\/span><\/span><span style=\"color: #1c1e21;\"><span style=\"font-family: inherit;\"><span style=\"font-size: medium;\"> grupie m\u0119\u017cczyzn zostali Brytyjczycy, kobiet Niemki. Warto zaznaczy\u0107, ze kraje b\u0119d\u0105ce prekursorami canoe polo, do dzi\u015b wiod\u0105 prym <\/span><\/span><\/span><span style=\"color: #1c1e21;\"><span style=\"font-family: inherit;\"><span style=\"font-size: medium;\">w<\/span><\/span><\/span><span style=\"color: #1c1e21;\"><span style=\"font-family: inherit;\"><span style=\"font-size: medium;\"> rozgrywkach na arenie mi\u0119dzynarodowej(W. Kudlik 2001).<\/span><\/span><\/span><\/p>\t\t\t\t\t\t<\/div>\n\t\t\t\t<\/div>\n\t\t\t\t<div class=\"elementor-element elementor-element-b4f53da elementor-widget elementor-widget-heading\" data-id=\"b4f53da\" data-element_type=\"widget\" data-widget_type=\"heading.default\">\n\t\t\t\t<div class=\"elementor-widget-container\">\n\t\t\t<h2 class=\"elementor-heading-title elementor-size-default\">Historia kajak polo w Polsce<\/h2>\t\t<\/div>\n\t\t\t\t<\/div>\n\t\t\t\t<div class=\"elementor-element elementor-element-c5200c6 elementor-widget elementor-widget-text-editor\" data-id=\"c5200c6\" data-element_type=\"widget\" data-widget_type=\"text-editor.default\">\n\t\t\t\t<div class=\"elementor-widget-container\">\n\t\t\t\t\t\t\t<p><span style=\"font-size: medium;\"><span style=\"color: #1c1e21;\"><span style=\"font-family: Times New Roman, serif;\">Jak ju\u017c wcze\u015bniej wspomnia\u0142em kajak polo powsta\u0142o na zachodzie Europy. Do Polski dyscyplina ta trafi\u0142a dzi\u0119ki wyjazdom reprezentacji kajakarzy klasycznych i g\u00f3rskich <\/span><\/span><span style=\"color: #1c1e21;\">w<\/span><span style=\"color: #1c1e21;\"> po\u0142owie lat siedemdziesi\u0105tych. Pierwszy tu<\/span><span style=\"color: #1c1e21;\">rn<\/span><span style=\"color: #1c1e21;\">iej odbyt si\u0119 1975 roku podczas obchod\u00f3w 1. maja. Zawody rozegrano we Wroc\u0142awiu na rzece Odrze, uczestnikami byli kajakarze studiuj\u0105cy na Akademii Wychowania Fizycznego. Nast\u0119pnie podj\u0119to pr\u00f3by stworzenia <\/span><span style=\"color: #1c1e21;\">ligi<\/span><span style=\"color: #1c1e21;\"> na wz\u00f3r zachodnich <\/span><span style=\"color: #1c1e21;\">kraj\u00f3w,<\/span> <span style=\"color: #1c1e21;\">ruszy\u0142a<\/span><span style=\"color: #1c1e21;\"> produkcja kajak\u00f3w do gry, przet\u0142umaczono przepisy, jednak kluby kajakowe nie zainteresowa\u0142y si\u0119 t\u0105 form\u0105 rywalizacji. W kolejnych latach Wroc\u0142aw by\u0142 organizatorem turniej\u00f3w odbywaj\u0105cych si\u0119 na basenie 50 metrowym. Dru\u017cyny rywalizuj\u0105ce <\/span><span style=\"color: #1c1e21;\">s<\/span><span style=\"color: #1c1e21;\">k\u0142ada\u0142y <\/span><span style=\"color: #1c1e21;\">si\u0119<\/span><span style=\"color: #1c1e21;\"> przewa\u017cnie <\/span><span style=\"color: #1c1e21;\">z<\/span><span style=\"color: #1c1e21;\"> kajakarzy g\u00f3rskich <\/span><span style=\"color: #1c1e21;\">i <\/span><span style=\"color: #1c1e21;\">klasycznych. Turniej <\/span><span style=\"color: #1c1e21;\">odbywa\u0142y<\/span><span style=\"color: #1c1e21;\"> si\u0119 w latach 1976-78. Z roku na rok sytuacja kajak polo ulega\u0142a pogorszeniu, sprz\u0119t przesta\u0142 by\u0107 modernizowany, przesta\u0142y by\u0107 organizowane turnieje. Jednak pi<\/span><span style=\"color: #1c1e21;\">\u0142<\/span><span style=\"color: #1c1e21;\">ka kajakowa by\u0142y wykorzystywana <\/span><span style=\"color: #1c1e21;\">w<\/span><span style=\"color: #1c1e21;\"> zaj\u0119\u0107, podczas oboz\u00f3w letnich AWF-u wroc\u0142awskiego <\/span><span style=\"color: #1c1e21;\">z<\/span><span style=\"color: #1c1e21;\"> dawnych lat pozosta\u0142o tylko kilka zabytkowych kajak\u00f3w kt\u00f3re znajduj\u0105 si\u0119 <\/span><span style=\"color: #1c1e21;\">w<\/span><span style=\"color: #1c1e21;\"> Olejnicy uczelnianej letniej bazie AWF-u Wroc\u0142aw. O kajak polo przypomniano sobie <\/span><span style=\"color: #1c1e21;\">w<\/span><span style=\"color: #1c1e21;\"> latach dziewi\u0119\u0107dziesi\u0105tych podczas tworzenia projektu sportu dzieci i m\u0142odzie\u017cy zrzeszonych <\/span><span style=\"color: #1c1e21;\">w<\/span><span style=\"color: #1c1e21;\"> UKS. Zadaniem klub\u00f3w by<\/span><span style=\"color: #1c1e21;\">\u0142<\/span><span style=\"color: #1c1e21;\">o propagowanie sportu w\u015br\u00f3d najm\u0142odszych przy wykorzystaniu mini gier. Dzi\u0119ki temu kajak polo mia<\/span><span style=\"color: #1c1e21;\">\u0142<\/span><span style=\"color: #1c1e21;\">o by\u0107 wst\u0119pnym etapem szkolenia kajakarzy. Nast\u0119pnym krokiem do rozwoju dyscypliny by\u0142o zakupienie sprz\u0119tu przez UKFIT przekazanie go do klub\u00f3w. W 1994 roku W Polsce dzia\u0142a\u0142o <\/span><span style=\"color: #1c1e21;\">i<\/span><span style=\"color: #1c1e21;\"> rywalizowa\u0142o ze sob\u0105 39 Uczniowskich Klub\u00f3w Sportowych graj\u0105cych pi<\/span><span style=\"color: #1c1e21;\">\u0142<\/span><span style=\"color: #1c1e21;\">k\u0119 kajakow<\/span><span style=\"color: #1c1e21;\">\u0105<\/span><span style=\"color: #1c1e21;\">. Cztery lata p\u00f3\u017aniej liczba klub\u00f3w zwi\u0119kszy\u0142a si\u0119 do 91. Polski Zwi\u0105zek Kajakowy opracowa\u0142 i wyda\u0142 pierwsze materia\u0142y szkoleniowe dla przysz\u0142ych instruktor\u00f3w. W efekcie poziom turniej\u00f3w zacz\u0105\u0142 si\u0119 podnosi\u0107 i coraz wi\u0119cej m\u0142odzie\u017cy zacz\u0119\u0142o gra\u0107 w kajak polo. W roku 1996 Europejska Federacja kajakowa (ECA) zorganizowa\u0142 w Portugalii kurs szkoleniowy dla trener\u00f3w s\u0119dzi\u00f3w. Celem kursu by\u0142o propagowanie canoe polo <\/span><span style=\"color: #1c1e21;\">z<\/span><span style=\"color: #1c1e21;\"> ramienia PZkaj do Portugalii pojecha\u0142o 4 szkoleniowc\u00f3w i 5 zawodnik\u00f3w. Kurs by\u0142 prowadzony przez zawodnik\u00f3w trener\u00f3w <\/span><span style=\"color: #1c1e21;\">z<\/span><span style=\"color: #1c1e21;\"> Francji. <\/span><\/span>Program szkoleniowy obejmowa\u0142 wiedze z zakresu: Teorii treningu sportowego, przepis\u00f3w gry, praktycznych zaj\u0119\u0107 z nauki techniki taktyki na wodzie.<\/p>\n<p><span style=\"font-family: Times New Roman, serif;\"><span style=\"font-size: medium;\">Zosta\u0142y r\u00f3wnie\u017c rozegrane mecze sparingowe. Zdobyte do\u015bwiadczenie za granic\u0105 zaowocowa\u0142o wydaniem materia\u0142\u00f3w szkoleniowych, organizacj\u0105 kurs\u00f3w doszkalaj\u0105cych dla trener\u00f3w i s\u0119dzi\u00f3w, a nast\u0119pnie zosta\u0142y przet\u0142umaczone mi\u0119dzynarodowe przepisy gry w kajak polo. Kurs ten by\u0142 momentem zwrotnym dla polskiej pi\u0142ki kajakowej, mo\u017cna powiedzie\u0107 \u017ce od tego w momentu dyscyplina ta sta\u0142a si\u0119 sportem wyczynowym w naszym kraju.<\/span><\/span><\/p>\t\t\t\t\t\t<\/div>\n\t\t\t\t<\/div>\n\t\t\t\t<div class=\"elementor-element elementor-element-0dcfa71 elementor-widget elementor-widget-heading\" data-id=\"0dcfa71\" data-element_type=\"widget\" data-widget_type=\"heading.default\">\n\t\t\t\t<div class=\"elementor-widget-container\">\n\t\t\t<h2 class=\"elementor-heading-title elementor-size-default\">Pocz\u0105tek reprezentacji Polski<\/h2>\t\t<\/div>\n\t\t\t\t<\/div>\n\t\t\t\t<div class=\"elementor-element elementor-element-93f6758 elementor-widget elementor-widget-text-editor\" data-id=\"93f6758\" data-element_type=\"widget\" data-widget_type=\"text-editor.default\">\n\t\t\t\t<div class=\"elementor-widget-container\">\n\t\t\t\t\t\t\t<p>cdn&#8230;.<\/p>\t\t\t\t\t\t<\/div>\n\t\t\t\t<\/div>\n\t\t\t\t\t<\/div>\n\t\t<\/div>\n\t\t\t\t\t\t\t<\/div>\n\t\t<\/section>\n\t\t\t\t<section class=\"elementor-section elementor-top-section elementor-element elementor-element-20ef2a06 elementor-section-boxed elementor-section-height-default elementor-section-height-default\" data-id=\"20ef2a06\" data-element_type=\"section\">\n\t\t\t\t\t\t<div class=\"elementor-container elementor-column-gap-default\">\n\t\t\t\t\t<div class=\"elementor-column elementor-col-50 elementor-top-column elementor-element elementor-element-4bcdaf6c\" data-id=\"4bcdaf6c\" data-element_type=\"column\">\n\t\t\t<div class=\"elementor-widget-wrap elementor-element-populated\">\n\t\t\t\t\t\t\t\t<div class=\"elementor-element elementor-element-6567e6e9 elementor-widget elementor-widget-text-editor\" data-id=\"6567e6e9\" data-element_type=\"widget\" data-widget_type=\"text-editor.default\">\n\t\t\t\t<div class=\"elementor-widget-container\">\n\t\t\t\t\t\t\t<p>Sponsorzy:<\/p>\t\t\t\t\t\t<\/div>\n\t\t\t\t<\/div>\n\t\t\t\t<div class=\"elementor-element elementor-element-19150c03 elementor-widget elementor-widget-image\" data-id=\"19150c03\" data-element_type=\"widget\" data-widget_type=\"image.default\">\n\t\t\t\t<div class=\"elementor-widget-container\">\n\t\t\t<style>\/*! elementor - v3.15.0 - 20-08-2023 *\/\n.elementor-widget-image{text-align:center}.elementor-widget-image a{display:inline-block}.elementor-widget-image a img[src$=\".svg\"]{width:48px}.elementor-widget-image img{vertical-align:middle;display:inline-block}<\/style>\t\t\t\t\t\t\t\t\t\t\t\t<img loading=\"lazy\" decoding=\"async\" width=\"1024\" height=\"154\" src=\"https:\/\/ukskanu.pl\/wp-content\/uploads\/2023\/08\/baner-sponsor-1024x154.jpg\" class=\"attachment-large size-large wp-image-1574\" alt=\"\" srcset=\"https:\/\/ukskanu.pl\/wp-content\/uploads\/2023\/08\/baner-sponsor-1024x154.jpg 1024w, https:\/\/ukskanu.pl\/wp-content\/uploads\/2023\/08\/baner-sponsor-300x45.jpg 300w, https:\/\/ukskanu.pl\/wp-content\/uploads\/2023\/08\/baner-sponsor-768x115.jpg 768w, https:\/\/ukskanu.pl\/wp-content\/uploads\/2023\/08\/baner-sponsor-1536x231.jpg 1536w, https:\/\/ukskanu.pl\/wp-content\/uploads\/2023\/08\/baner-sponsor.jpg 1862w\" sizes=\"auto, (max-width: 1024px) 100vw, 1024px\" \/>\t\t\t\t\t\t\t\t\t\t\t\t\t\t\t<\/div>\n\t\t\t\t<\/div>\n\t\t\t\t\t<\/div>\n\t\t<\/div>\n\t\t\t\t<div class=\"elementor-column elementor-col-50 elementor-top-column elementor-element elementor-element-75cbc68a\" data-id=\"75cbc68a\" data-element_type=\"column\">\n\t\t\t<div class=\"elementor-widget-wrap elementor-element-populated\">\n\t\t\t\t\t\t\t\t<div class=\"elementor-element elementor-element-a43fc67 elementor-widget elementor-widget-text-editor\" data-id=\"a43fc67\" data-element_type=\"widget\" data-widget_type=\"text-editor.default\">\n\t\t\t\t<div class=\"elementor-widget-container\">\n\t\t\t\t\t\t\t<p>Partnerzy:<\/p>\t\t\t\t\t\t<\/div>\n\t\t\t\t<\/div>\n\t\t\t\t<div class=\"elementor-element elementor-element-b2fb437 elementor-widget elementor-widget-image\" data-id=\"b2fb437\" data-element_type=\"widget\" data-widget_type=\"image.default\">\n\t\t\t\t<div class=\"elementor-widget-container\">\n\t\t\t\t\t\t\t\t\t\t\t\t\t\t\t<img loading=\"lazy\" decoding=\"async\" width=\"1024\" height=\"201\" src=\"https:\/\/ukskanu.pl\/wp-content\/uploads\/2023\/08\/logo-1024x201.jpg\" class=\"attachment-large size-large wp-image-1573\" alt=\"\" srcset=\"https:\/\/ukskanu.pl\/wp-content\/uploads\/2023\/08\/logo-1024x201.jpg 1024w, https:\/\/ukskanu.pl\/wp-content\/uploads\/2023\/08\/logo-300x59.jpg 300w, https:\/\/ukskanu.pl\/wp-content\/uploads\/2023\/08\/logo-768x151.jpg 768w, https:\/\/ukskanu.pl\/wp-content\/uploads\/2023\/08\/logo-1536x302.jpg 1536w, https:\/\/ukskanu.pl\/wp-content\/uploads\/2023\/08\/logo.jpg 1830w\" sizes=\"auto, (max-width: 1024px) 100vw, 1024px\" \/>\t\t\t\t\t\t\t\t\t\t\t\t\t\t\t<\/div>\n\t\t\t\t<\/div>\n\t\t\t\t\t<\/div>\n\t\t<\/div>\n\t\t\t\t\t\t\t<\/div>\n\t\t<\/section>\n\t\t\t\t\t\t\t<\/div>\n\t\t","protected":false},"excerpt":{"rendered":"<p>Historia Historia kajak polo na \u015bwiecie Pierwszymi tw\u00f3rcami kajaka byli Eskimosi, Samo s\u0142owo ,kajak&#8221; wywodzi si\u0119 z ich j\u0119zyka i oznacza cz\u00f3\u0142no s\u0142u\u017c\u0105ce do polowania. Do budowy pierwotnych \u0142\u00f3dek wykorzystywano sk\u00f3ry fok, kt\u00f3rymi obci\u0105gano szkielet stworzony z o\u015bci ryb i fragment\u00f3w drzewa. Prekursorem w budowie drewnianych kajak\u00f3w byt Szkot John MeGregor, kt\u00f3ry sw\u00f3j pierwszy turystyczny &hellip;<\/p>\n<p class=\"read-more\"> <a class=\"\" href=\"https:\/\/ukskanu.pl\/?page_id=1676\"> <span class=\"screen-reader-text\">Historia<\/span> Read More &raquo;<\/a><\/p>\n","protected":false},"author":1,"featured_media":0,"parent":0,"menu_order":0,"comment_status":"closed","ping_status":"closed","template":"","meta":{"_uag_custom_page_level_css":"","site-sidebar-layout":"no-sidebar","site-content-layout":"page-builder","ast-site-content-layout":"default","site-content-style":"default","site-sidebar-style":"default","ast-global-header-display":"","ast-banner-title-visibility":"","ast-main-header-display":"","ast-hfb-above-header-display":"","ast-hfb-below-header-display":"","ast-hfb-mobile-header-display":"","site-post-title":"disabled","ast-breadcrumbs-content":"","ast-featured-img":"disabled","footer-sml-layout":"","theme-transparent-header-meta":"","adv-header-id-meta":"","stick-header-meta":"","header-above-stick-meta":"","header-main-stick-meta":"","header-below-stick-meta":"","astra-migrate-meta-layouts":"set","footnotes":""},"class_list":["post-1676","page","type-page","status-publish","hentry"],"uagb_featured_image_src":{"full":false,"thumbnail":false,"medium":false,"medium_large":false,"large":false,"1536x1536":false,"2048x2048":false},"uagb_author_info":{"display_name":"ukskanu","author_link":"https:\/\/ukskanu.pl\/?author=1"},"uagb_comment_info":0,"uagb_excerpt":"Historia Historia kajak polo na \u015bwiecie Pierwszymi tw\u00f3rcami kajaka byli Eskimosi, Samo s\u0142owo ,kajak&#8221; wywodzi si\u0119 z ich j\u0119zyka i oznacza cz\u00f3\u0142no s\u0142u\u017c\u0105ce do polowania. Do budowy pierwotnych \u0142\u00f3dek wykorzystywano sk\u00f3ry fok, kt\u00f3rymi obci\u0105gano szkielet stworzony z o\u015bci ryb i fragment\u00f3w drzewa. Prekursorem w budowie drewnianych kajak\u00f3w byt Szkot John MeGregor, kt\u00f3ry sw\u00f3j pierwszy turystyczny&hellip;","_links":{"self":[{"href":"https:\/\/ukskanu.pl\/index.php?rest_route=\/wp\/v2\/pages\/1676","targetHints":{"allow":["GET"]}}],"collection":[{"href":"https:\/\/ukskanu.pl\/index.php?rest_route=\/wp\/v2\/pages"}],"about":[{"href":"https:\/\/ukskanu.pl\/index.php?rest_route=\/wp\/v2\/types\/page"}],"author":[{"embeddable":true,"href":"https:\/\/ukskanu.pl\/index.php?rest_route=\/wp\/v2\/users\/1"}],"replies":[{"embeddable":true,"href":"https:\/\/ukskanu.pl\/index.php?rest_route=%2Fwp%2Fv2%2Fcomments&post=1676"}],"version-history":[{"count":10,"href":"https:\/\/ukskanu.pl\/index.php?rest_route=\/wp\/v2\/pages\/1676\/revisions"}],"predecessor-version":[{"id":1688,"href":"https:\/\/ukskanu.pl\/index.php?rest_route=\/wp\/v2\/pages\/1676\/revisions\/1688"}],"wp:attachment":[{"href":"https:\/\/ukskanu.pl\/index.php?rest_route=%2Fwp%2Fv2%2Fmedia&parent=1676"}],"curies":[{"name":"wp","href":"https:\/\/api.w.org\/{rel}","templated":true}]}}