{"id":1653,"date":"2023-08-28T21:43:45","date_gmt":"2023-08-28T19:43:45","guid":{"rendered":"https:\/\/ukskanu.pl\/?page_id=1653"},"modified":"2023-08-28T21:43:54","modified_gmt":"2023-08-28T19:43:54","slug":"kajak-polo-3","status":"publish","type":"page","link":"https:\/\/ukskanu.pl\/?page_id=1653","title":{"rendered":"Kajak polo"},"content":{"rendered":"\t\t<div data-elementor-type=\"wp-page\" data-elementor-id=\"1653\" class=\"elementor elementor-1653\">\n\t\t\t\t\t\t\t\t\t<section class=\"elementor-section elementor-top-section elementor-element elementor-element-5157ccb9 elementor-section-height-min-height elementor-section-items-top elementor-section-boxed elementor-section-height-default\" data-id=\"5157ccb9\" data-element_type=\"section\" data-settings=\"{&quot;background_background&quot;:&quot;classic&quot;}\">\n\t\t\t\t\t\t\t<div class=\"elementor-background-overlay\"><\/div>\n\t\t\t\t\t\t\t<div class=\"elementor-container elementor-column-gap-default\">\n\t\t\t\t\t<div class=\"elementor-column elementor-col-100 elementor-top-column elementor-element elementor-element-798930fa\" data-id=\"798930fa\" data-element_type=\"column\">\n\t\t\t<div class=\"elementor-widget-wrap elementor-element-populated\">\n\t\t\t\t\t\t\t\t<div class=\"elementor-element elementor-element-4cdaf819 elementor-widget elementor-widget-heading\" data-id=\"4cdaf819\" data-element_type=\"widget\" data-widget_type=\"heading.default\">\n\t\t\t\t<div class=\"elementor-widget-container\">\n\t\t\t<style>\/*! elementor - v3.15.0 - 20-08-2023 *\/\n.elementor-heading-title{padding:0;margin:0;line-height:1}.elementor-widget-heading .elementor-heading-title[class*=elementor-size-]>a{color:inherit;font-size:inherit;line-height:inherit}.elementor-widget-heading .elementor-heading-title.elementor-size-small{font-size:15px}.elementor-widget-heading .elementor-heading-title.elementor-size-medium{font-size:19px}.elementor-widget-heading .elementor-heading-title.elementor-size-large{font-size:29px}.elementor-widget-heading .elementor-heading-title.elementor-size-xl{font-size:39px}.elementor-widget-heading .elementor-heading-title.elementor-size-xxl{font-size:59px}<\/style><h1 class=\"elementor-heading-title elementor-size-default\">Kajak polo<\/h1>\t\t<\/div>\n\t\t\t\t<\/div>\n\t\t\t\t\t<\/div>\n\t\t<\/div>\n\t\t\t\t\t\t\t<\/div>\n\t\t<\/section>\n\t\t\t\t<section class=\"elementor-section elementor-top-section elementor-element elementor-element-3b8c0311 elementor-section-boxed elementor-section-height-default elementor-section-height-default\" data-id=\"3b8c0311\" data-element_type=\"section\">\n\t\t\t\t\t\t<div class=\"elementor-container elementor-column-gap-default\">\n\t\t\t\t\t<div class=\"elementor-column elementor-col-100 elementor-top-column elementor-element elementor-element-5c270afd\" data-id=\"5c270afd\" data-element_type=\"column\">\n\t\t\t<div class=\"elementor-widget-wrap elementor-element-populated\">\n\t\t\t\t\t\t\t\t<div class=\"elementor-element elementor-element-20c9839 elementor-widget elementor-widget-spacer\" data-id=\"20c9839\" data-element_type=\"widget\" data-widget_type=\"spacer.default\">\n\t\t\t\t<div class=\"elementor-widget-container\">\n\t\t\t<style>\/*! elementor - v3.15.0 - 20-08-2023 *\/\n.elementor-column .elementor-spacer-inner{height:var(--spacer-size)}.e-con{--container-widget-width:100%}.e-con-inner>.elementor-widget-spacer,.e-con>.elementor-widget-spacer{width:var(--container-widget-width,var(--spacer-size));--align-self:var(--container-widget-align-self,initial);--flex-shrink:0}.e-con-inner>.elementor-widget-spacer>.elementor-widget-container,.e-con-inner>.elementor-widget-spacer>.elementor-widget-container>.elementor-spacer,.e-con>.elementor-widget-spacer>.elementor-widget-container,.e-con>.elementor-widget-spacer>.elementor-widget-container>.elementor-spacer{height:100%}.e-con-inner>.elementor-widget-spacer>.elementor-widget-container>.elementor-spacer>.elementor-spacer-inner,.e-con>.elementor-widget-spacer>.elementor-widget-container>.elementor-spacer>.elementor-spacer-inner{height:var(--container-widget-height,var(--spacer-size))}<\/style>\t\t<div class=\"elementor-spacer\">\n\t\t\t<div class=\"elementor-spacer-inner\"><\/div>\n\t\t<\/div>\n\t\t\t\t<\/div>\n\t\t\t\t<\/div>\n\t\t\t\t<div class=\"elementor-element elementor-element-3066d939 elementor-widget elementor-widget-text-editor\" data-id=\"3066d939\" data-element_type=\"widget\" data-widget_type=\"text-editor.default\">\n\t\t\t\t<div class=\"elementor-widget-container\">\n\t\t\t<style>\/*! elementor - v3.15.0 - 20-08-2023 *\/\n.elementor-widget-text-editor.elementor-drop-cap-view-stacked .elementor-drop-cap{background-color:#69727d;color:#fff}.elementor-widget-text-editor.elementor-drop-cap-view-framed .elementor-drop-cap{color:#69727d;border:3px solid;background-color:transparent}.elementor-widget-text-editor:not(.elementor-drop-cap-view-default) .elementor-drop-cap{margin-top:8px}.elementor-widget-text-editor:not(.elementor-drop-cap-view-default) .elementor-drop-cap-letter{width:1em;height:1em}.elementor-widget-text-editor .elementor-drop-cap{float:left;text-align:center;line-height:1;font-size:50px}.elementor-widget-text-editor .elementor-drop-cap-letter{display:inline-block}<\/style>\t\t\t\t<p>\u00a0 \u00a0 \u00a0 Kajak polo to dynamiczna i emocjonuj\u0105ca dyscyplina sportowa, kt\u00f3ra \u0142\u0105czy w sobie elementy kajakarstwa i pi\u0142ki wodnej, koszyk\u00f3wki. Gracze poruszaj\u0105 si\u0119 po wodzie w zwrotnych kajakach, staraj\u0105c si\u0119 zdoby\u0107 punkty, wprowadzaj\u0105c pi\u0142k\u0119 do bramki przeciwnika.<\/p><p>\u00a0 \u00a0 \u00a0Gra toczy si\u0119 na boisku o wymiarach 35\/23 metry. Bramka znajduje si\u0119 na wysoko\u015bci 2 metr\u00f3w nad lustrem wody i ma wymiar 1\/1,5 metra.<\/p><p>\u00a0 \u00a0 \u00a0W kajak polo bior\u0105 udzia\u0142\u00a0 dwie dru\u017cyny, z\u0142o\u017cone z o\u015bmiu zawodnik\u00f3w w ka\u017cdej, w tym bramkarza i czterech pola oraz 3 rezerwowych.<\/p><p>\u00a0 \u00a0 \u00a0Gra wymaga nie tylko umiej\u0119tno\u015bci manewrowania kajakiem, ale tak\u017ce precyzyjnego rzutu pi\u0142k\u0105 oraz szybkiego podejmowania decyzji. Zawodnicy wykorzystuj\u0105 wios\u0142a do poruszania si\u0119 po wodzie oraz do obrony i ataku.<\/p><p>\u00a0 \u00a0 \u00a0Dyscyplina ta jest nie tylko wymagaj\u0105ca fizycznie, ale tak\u017ce pe\u0142na taktyki i strategii. Wymaga szybkiego my\u015blenia i koordynacji zespo\u0142owej, co sprawia, \u017ce kajak polo to gra, kt\u00f3ra przyci\u0105ga zar\u00f3wno zawodnik\u00f3w, jak i widz\u00f3w.<\/p><p>\u00a0 \u00a0 \u00a0Kajak polo rozwija nie tylko umiej\u0119tno\u015bci sportowe, ale tak\u017ce zdolno\u015bci takie jak zwinno\u015b\u0107, reakcja na zmienne warunki, a tak\u017ce umiej\u0119tno\u015b\u0107 wsp\u00f3\u0142pracy w zespole.<\/p><p>\u00a0 \u00a0 \u00a0Dzi\u0119ki swojemu unikalnemu po\u0142\u0105czeniu aktywno\u015bci na wodzie i rywalizacji, kajak polo zyskuje coraz wi\u0119ksz\u0105 popularno\u015b\u0107 zar\u00f3wno w\u015br\u00f3d m\u0142odych, jak i starszych adept\u00f3w sportu.<\/p>\t\t\t\t\t\t<\/div>\n\t\t\t\t<\/div>\n\t\t\t\t\t<\/div>\n\t\t<\/div>\n\t\t\t\t\t\t\t<\/div>\n\t\t<\/section>\n\t\t\t\t<section class=\"elementor-section elementor-top-section elementor-element elementor-element-5d0a0254 elementor-section-boxed elementor-section-height-default elementor-section-height-default\" data-id=\"5d0a0254\" data-element_type=\"section\">\n\t\t\t\t\t\t<div class=\"elementor-container elementor-column-gap-default\">\n\t\t\t\t\t<div class=\"elementor-column elementor-col-33 elementor-top-column elementor-element elementor-element-196473ce\" data-id=\"196473ce\" data-element_type=\"column\">\n\t\t\t<div class=\"elementor-widget-wrap elementor-element-populated\">\n\t\t\t\t\t\t\t\t<div class=\"elementor-element elementor-element-53c6b792 elementor-widget elementor-widget-image\" data-id=\"53c6b792\" data-element_type=\"widget\" data-widget_type=\"image.default\">\n\t\t\t\t<div class=\"elementor-widget-container\">\n\t\t\t<style>\/*! elementor - v3.15.0 - 20-08-2023 *\/\n.elementor-widget-image{text-align:center}.elementor-widget-image a{display:inline-block}.elementor-widget-image a img[src$=\".svg\"]{width:48px}.elementor-widget-image img{vertical-align:middle;display:inline-block}<\/style>\t\t\t\t\t\t\t\t\t\t\t\t<img loading=\"lazy\" decoding=\"async\" width=\"1024\" height=\"681\" src=\"https:\/\/ukskanu.pl\/wp-content\/uploads\/2023\/08\/IMGP0163-1024x681.jpg\" class=\"attachment-large size-large wp-image-1655\" alt=\"\" srcset=\"https:\/\/ukskanu.pl\/wp-content\/uploads\/2023\/08\/IMGP0163-1024x681.jpg 1024w, https:\/\/ukskanu.pl\/wp-content\/uploads\/2023\/08\/IMGP0163-300x200.jpg 300w, https:\/\/ukskanu.pl\/wp-content\/uploads\/2023\/08\/IMGP0163-768x511.jpg 768w, https:\/\/ukskanu.pl\/wp-content\/uploads\/2023\/08\/IMGP0163-1536x1022.jpg 1536w, https:\/\/ukskanu.pl\/wp-content\/uploads\/2023\/08\/IMGP0163.jpg 2048w\" sizes=\"auto, (max-width: 1024px) 100vw, 1024px\" \/>\t\t\t\t\t\t\t\t\t\t\t\t\t\t\t<\/div>\n\t\t\t\t<\/div>\n\t\t\t\t\t<\/div>\n\t\t<\/div>\n\t\t\t\t<div class=\"elementor-column elementor-col-33 elementor-top-column elementor-element elementor-element-163c16c0\" data-id=\"163c16c0\" data-element_type=\"column\">\n\t\t\t<div class=\"elementor-widget-wrap elementor-element-populated\">\n\t\t\t\t\t\t\t\t<div class=\"elementor-element elementor-element-458245e6 elementor-widget elementor-widget-image\" data-id=\"458245e6\" data-element_type=\"widget\" data-widget_type=\"image.default\">\n\t\t\t\t<div class=\"elementor-widget-container\">\n\t\t\t\t\t\t\t\t\t\t\t\t\t\t\t<img loading=\"lazy\" decoding=\"async\" width=\"1024\" height=\"681\" src=\"https:\/\/ukskanu.pl\/wp-content\/uploads\/2023\/08\/IMGP0127-1024x681.jpg\" class=\"attachment-large size-large wp-image-1656\" alt=\"\" srcset=\"https:\/\/ukskanu.pl\/wp-content\/uploads\/2023\/08\/IMGP0127-1024x681.jpg 1024w, https:\/\/ukskanu.pl\/wp-content\/uploads\/2023\/08\/IMGP0127-300x199.jpg 300w, https:\/\/ukskanu.pl\/wp-content\/uploads\/2023\/08\/IMGP0127-768x511.jpg 768w, https:\/\/ukskanu.pl\/wp-content\/uploads\/2023\/08\/IMGP0127-1536x1021.jpg 1536w, https:\/\/ukskanu.pl\/wp-content\/uploads\/2023\/08\/IMGP0127-2048x1362.jpg 2048w\" sizes=\"auto, (max-width: 1024px) 100vw, 1024px\" \/>\t\t\t\t\t\t\t\t\t\t\t\t\t\t\t<\/div>\n\t\t\t\t<\/div>\n\t\t\t\t\t<\/div>\n\t\t<\/div>\n\t\t\t\t<div class=\"elementor-column elementor-col-33 elementor-top-column elementor-element elementor-element-1187cd78\" data-id=\"1187cd78\" data-element_type=\"column\">\n\t\t\t<div class=\"elementor-widget-wrap elementor-element-populated\">\n\t\t\t\t\t\t\t\t<div class=\"elementor-element elementor-element-400b288b elementor-widget elementor-widget-image\" data-id=\"400b288b\" data-element_type=\"widget\" data-widget_type=\"image.default\">\n\t\t\t\t<div class=\"elementor-widget-container\">\n\t\t\t\t\t\t\t\t\t\t\t\t\t\t\t<img loading=\"lazy\" decoding=\"async\" width=\"1024\" height=\"690\" src=\"https:\/\/ukskanu.pl\/wp-content\/uploads\/2023\/08\/IMGP9559-1024x690.jpg\" class=\"attachment-large size-large wp-image-1485\" alt=\"\" srcset=\"https:\/\/ukskanu.pl\/wp-content\/uploads\/2023\/08\/IMGP9559-1024x690.jpg 1024w, https:\/\/ukskanu.pl\/wp-content\/uploads\/2023\/08\/IMGP9559-300x202.jpg 300w, https:\/\/ukskanu.pl\/wp-content\/uploads\/2023\/08\/IMGP9559-768x517.jpg 768w, https:\/\/ukskanu.pl\/wp-content\/uploads\/2023\/08\/IMGP9559-1536x1034.jpg 1536w, https:\/\/ukskanu.pl\/wp-content\/uploads\/2023\/08\/IMGP9559.jpg 2048w\" sizes=\"auto, (max-width: 1024px) 100vw, 1024px\" \/>\t\t\t\t\t\t\t\t\t\t\t\t\t\t\t<\/div>\n\t\t\t\t<\/div>\n\t\t\t\t\t<\/div>\n\t\t<\/div>\n\t\t\t\t\t\t\t<\/div>\n\t\t<\/section>\n\t\t\t\t<section class=\"elementor-section elementor-top-section elementor-element elementor-element-665b1ba1 elementor-section-boxed elementor-section-height-default elementor-section-height-default\" data-id=\"665b1ba1\" data-element_type=\"section\">\n\t\t\t\t\t\t<div class=\"elementor-container elementor-column-gap-default\">\n\t\t\t\t\t<div class=\"elementor-column elementor-col-33 elementor-top-column elementor-element elementor-element-2052db62\" data-id=\"2052db62\" data-element_type=\"column\">\n\t\t\t<div class=\"elementor-widget-wrap elementor-element-populated\">\n\t\t\t\t\t\t\t\t<div class=\"elementor-element elementor-element-33d58156 elementor-widget elementor-widget-image\" data-id=\"33d58156\" data-element_type=\"widget\" data-widget_type=\"image.default\">\n\t\t\t\t<div class=\"elementor-widget-container\">\n\t\t\t\t\t\t\t\t\t\t\t\t\t\t\t<img decoding=\"async\" src=\"https:\/\/ukskanu.pl\/wp-content\/uploads\/2023\/08\/IMGP0266.jpg\" title=\"IMGP0266\" alt=\"IMGP0266\" loading=\"lazy\" \/>\t\t\t\t\t\t\t\t\t\t\t\t\t\t\t<\/div>\n\t\t\t\t<\/div>\n\t\t\t\t\t<\/div>\n\t\t<\/div>\n\t\t\t\t<div class=\"elementor-column elementor-col-33 elementor-top-column elementor-element elementor-element-30bd0f20\" data-id=\"30bd0f20\" data-element_type=\"column\">\n\t\t\t<div class=\"elementor-widget-wrap elementor-element-populated\">\n\t\t\t\t\t\t\t\t<div class=\"elementor-element elementor-element-7ef32e25 elementor-widget elementor-widget-image\" data-id=\"7ef32e25\" data-element_type=\"widget\" data-widget_type=\"image.default\">\n\t\t\t\t<div class=\"elementor-widget-container\">\n\t\t\t\t\t\t\t\t\t\t\t\t\t\t\t<img loading=\"lazy\" decoding=\"async\" width=\"1024\" height=\"681\" src=\"https:\/\/ukskanu.pl\/wp-content\/uploads\/2023\/08\/IMGP0344-1024x681.jpg\" class=\"attachment-large size-large wp-image-1659\" alt=\"\" srcset=\"https:\/\/ukskanu.pl\/wp-content\/uploads\/2023\/08\/IMGP0344-1024x681.jpg 1024w, https:\/\/ukskanu.pl\/wp-content\/uploads\/2023\/08\/IMGP0344-300x200.jpg 300w, https:\/\/ukskanu.pl\/wp-content\/uploads\/2023\/08\/IMGP0344-768x511.jpg 768w, https:\/\/ukskanu.pl\/wp-content\/uploads\/2023\/08\/IMGP0344-1536x1022.jpg 1536w, https:\/\/ukskanu.pl\/wp-content\/uploads\/2023\/08\/IMGP0344.jpg 2048w\" sizes=\"auto, (max-width: 1024px) 100vw, 1024px\" \/>\t\t\t\t\t\t\t\t\t\t\t\t\t\t\t<\/div>\n\t\t\t\t<\/div>\n\t\t\t\t\t<\/div>\n\t\t<\/div>\n\t\t\t\t<div class=\"elementor-column elementor-col-33 elementor-top-column elementor-element elementor-element-695146cf\" data-id=\"695146cf\" data-element_type=\"column\">\n\t\t\t<div class=\"elementor-widget-wrap elementor-element-populated\">\n\t\t\t\t\t\t\t\t<div class=\"elementor-element elementor-element-2a15024d elementor-widget elementor-widget-image\" data-id=\"2a15024d\" data-element_type=\"widget\" data-widget_type=\"image.default\">\n\t\t\t\t<div class=\"elementor-widget-container\">\n\t\t\t\t\t\t\t\t\t\t\t\t\t\t\t<img loading=\"lazy\" decoding=\"async\" width=\"1024\" height=\"681\" src=\"https:\/\/ukskanu.pl\/wp-content\/uploads\/2023\/08\/IMGP9251-1024x681.jpg\" class=\"attachment-large size-large wp-image-1657\" alt=\"\" srcset=\"https:\/\/ukskanu.pl\/wp-content\/uploads\/2023\/08\/IMGP9251-1024x681.jpg 1024w, https:\/\/ukskanu.pl\/wp-content\/uploads\/2023\/08\/IMGP9251-300x200.jpg 300w, https:\/\/ukskanu.pl\/wp-content\/uploads\/2023\/08\/IMGP9251-768x511.jpg 768w, https:\/\/ukskanu.pl\/wp-content\/uploads\/2023\/08\/IMGP9251-1536x1022.jpg 1536w, https:\/\/ukskanu.pl\/wp-content\/uploads\/2023\/08\/IMGP9251.jpg 2048w\" sizes=\"auto, (max-width: 1024px) 100vw, 1024px\" \/>\t\t\t\t\t\t\t\t\t\t\t\t\t\t\t<\/div>\n\t\t\t\t<\/div>\n\t\t\t\t\t<\/div>\n\t\t<\/div>\n\t\t\t\t\t\t\t<\/div>\n\t\t<\/section>\n\t\t\t\t<section class=\"elementor-section elementor-top-section elementor-element elementor-element-7db2404f elementor-section-boxed elementor-section-height-default elementor-section-height-default\" data-id=\"7db2404f\" data-element_type=\"section\">\n\t\t\t\t\t\t<div class=\"elementor-container elementor-column-gap-default\">\n\t\t\t\t\t<div class=\"elementor-column elementor-col-50 elementor-top-column elementor-element elementor-element-2fa32621\" data-id=\"2fa32621\" data-element_type=\"column\">\n\t\t\t<div class=\"elementor-widget-wrap elementor-element-populated\">\n\t\t\t\t\t\t\t\t<div class=\"elementor-element elementor-element-1befb768 elementor-widget elementor-widget-text-editor\" data-id=\"1befb768\" data-element_type=\"widget\" data-widget_type=\"text-editor.default\">\n\t\t\t\t<div class=\"elementor-widget-container\">\n\t\t\t\t\t\t\t<p>Sponsorzy:<\/p>\t\t\t\t\t\t<\/div>\n\t\t\t\t<\/div>\n\t\t\t\t<div class=\"elementor-element elementor-element-685343c4 elementor-widget elementor-widget-image\" data-id=\"685343c4\" data-element_type=\"widget\" data-widget_type=\"image.default\">\n\t\t\t\t<div class=\"elementor-widget-container\">\n\t\t\t\t\t\t\t\t\t\t\t\t\t\t\t<img loading=\"lazy\" decoding=\"async\" width=\"1024\" height=\"154\" src=\"https:\/\/ukskanu.pl\/wp-content\/uploads\/2023\/08\/baner-sponsor-1024x154.jpg\" class=\"attachment-large size-large wp-image-1574\" alt=\"\" srcset=\"https:\/\/ukskanu.pl\/wp-content\/uploads\/2023\/08\/baner-sponsor-1024x154.jpg 1024w, https:\/\/ukskanu.pl\/wp-content\/uploads\/2023\/08\/baner-sponsor-300x45.jpg 300w, https:\/\/ukskanu.pl\/wp-content\/uploads\/2023\/08\/baner-sponsor-768x115.jpg 768w, https:\/\/ukskanu.pl\/wp-content\/uploads\/2023\/08\/baner-sponsor-1536x231.jpg 1536w, https:\/\/ukskanu.pl\/wp-content\/uploads\/2023\/08\/baner-sponsor.jpg 1862w\" sizes=\"auto, (max-width: 1024px) 100vw, 1024px\" \/>\t\t\t\t\t\t\t\t\t\t\t\t\t\t\t<\/div>\n\t\t\t\t<\/div>\n\t\t\t\t\t<\/div>\n\t\t<\/div>\n\t\t\t\t<div class=\"elementor-column elementor-col-50 elementor-top-column elementor-element elementor-element-3140baef\" data-id=\"3140baef\" data-element_type=\"column\">\n\t\t\t<div class=\"elementor-widget-wrap elementor-element-populated\">\n\t\t\t\t\t\t\t\t<div class=\"elementor-element elementor-element-57df6332 elementor-widget elementor-widget-text-editor\" data-id=\"57df6332\" data-element_type=\"widget\" data-widget_type=\"text-editor.default\">\n\t\t\t\t<div class=\"elementor-widget-container\">\n\t\t\t\t\t\t\t<p>Partnerzy:<\/p>\t\t\t\t\t\t<\/div>\n\t\t\t\t<\/div>\n\t\t\t\t<div class=\"elementor-element elementor-element-450a7347 elementor-widget elementor-widget-image\" data-id=\"450a7347\" data-element_type=\"widget\" data-widget_type=\"image.default\">\n\t\t\t\t<div class=\"elementor-widget-container\">\n\t\t\t\t\t\t\t\t\t\t\t\t\t\t\t<img loading=\"lazy\" decoding=\"async\" width=\"1024\" height=\"201\" src=\"https:\/\/ukskanu.pl\/wp-content\/uploads\/2023\/08\/logo-1024x201.jpg\" class=\"attachment-large size-large wp-image-1573\" alt=\"\" srcset=\"https:\/\/ukskanu.pl\/wp-content\/uploads\/2023\/08\/logo-1024x201.jpg 1024w, https:\/\/ukskanu.pl\/wp-content\/uploads\/2023\/08\/logo-300x59.jpg 300w, https:\/\/ukskanu.pl\/wp-content\/uploads\/2023\/08\/logo-768x151.jpg 768w, https:\/\/ukskanu.pl\/wp-content\/uploads\/2023\/08\/logo-1536x302.jpg 1536w, https:\/\/ukskanu.pl\/wp-content\/uploads\/2023\/08\/logo.jpg 1830w\" sizes=\"auto, (max-width: 1024px) 100vw, 1024px\" \/>\t\t\t\t\t\t\t\t\t\t\t\t\t\t\t<\/div>\n\t\t\t\t<\/div>\n\t\t\t\t\t<\/div>\n\t\t<\/div>\n\t\t\t\t\t\t\t<\/div>\n\t\t<\/section>\n\t\t\t\t\t\t\t<\/div>\n\t\t","protected":false},"excerpt":{"rendered":"<p>Kajak polo \u00a0 \u00a0 \u00a0 Kajak polo to dynamiczna i emocjonuj\u0105ca dyscyplina sportowa, kt\u00f3ra \u0142\u0105czy w sobie elementy kajakarstwa i pi\u0142ki wodnej, koszyk\u00f3wki. Gracze poruszaj\u0105 si\u0119 po wodzie w zwrotnych kajakach, staraj\u0105c si\u0119 zdoby\u0107 punkty, wprowadzaj\u0105c pi\u0142k\u0119 do bramki przeciwnika. \u00a0 \u00a0 \u00a0Gra toczy si\u0119 na boisku o wymiarach 35\/23 metry. Bramka znajduje si\u0119 na &hellip;<\/p>\n<p class=\"read-more\"> <a class=\"\" href=\"https:\/\/ukskanu.pl\/?page_id=1653\"> <span class=\"screen-reader-text\">Kajak polo<\/span> Read More &raquo;<\/a><\/p>\n","protected":false},"author":1,"featured_media":0,"parent":0,"menu_order":0,"comment_status":"closed","ping_status":"closed","template":"","meta":{"_uag_custom_page_level_css":"","site-sidebar-layout":"no-sidebar","site-content-layout":"page-builder","ast-site-content-layout":"default","site-content-style":"default","site-sidebar-style":"default","ast-global-header-display":"","ast-banner-title-visibility":"","ast-main-header-display":"","ast-hfb-above-header-display":"","ast-hfb-below-header-display":"","ast-hfb-mobile-header-display":"","site-post-title":"disabled","ast-breadcrumbs-content":"","ast-featured-img":"disabled","footer-sml-layout":"","theme-transparent-header-meta":"","adv-header-id-meta":"","stick-header-meta":"","header-above-stick-meta":"","header-main-stick-meta":"","header-below-stick-meta":"","astra-migrate-meta-layouts":"set","footnotes":""},"class_list":["post-1653","page","type-page","status-publish","hentry"],"uagb_featured_image_src":{"full":false,"thumbnail":false,"medium":false,"medium_large":false,"large":false,"1536x1536":false,"2048x2048":false},"uagb_author_info":{"display_name":"ukskanu","author_link":"https:\/\/ukskanu.pl\/?author=1"},"uagb_comment_info":0,"uagb_excerpt":"Kajak polo \u00a0 \u00a0 \u00a0 Kajak polo to dynamiczna i emocjonuj\u0105ca dyscyplina sportowa, kt\u00f3ra \u0142\u0105czy w sobie elementy kajakarstwa i pi\u0142ki wodnej, koszyk\u00f3wki. Gracze poruszaj\u0105 si\u0119 po wodzie w zwrotnych kajakach, staraj\u0105c si\u0119 zdoby\u0107 punkty, wprowadzaj\u0105c pi\u0142k\u0119 do bramki przeciwnika. \u00a0 \u00a0 \u00a0Gra toczy si\u0119 na boisku o wymiarach 35\/23 metry. Bramka znajduje si\u0119 na&hellip;","_links":{"self":[{"href":"https:\/\/ukskanu.pl\/index.php?rest_route=\/wp\/v2\/pages\/1653","targetHints":{"allow":["GET"]}}],"collection":[{"href":"https:\/\/ukskanu.pl\/index.php?rest_route=\/wp\/v2\/pages"}],"about":[{"href":"https:\/\/ukskanu.pl\/index.php?rest_route=\/wp\/v2\/types\/page"}],"author":[{"embeddable":true,"href":"https:\/\/ukskanu.pl\/index.php?rest_route=\/wp\/v2\/users\/1"}],"replies":[{"embeddable":true,"href":"https:\/\/ukskanu.pl\/index.php?rest_route=%2Fwp%2Fv2%2Fcomments&post=1653"}],"version-history":[{"count":4,"href":"https:\/\/ukskanu.pl\/index.php?rest_route=\/wp\/v2\/pages\/1653\/revisions"}],"predecessor-version":[{"id":1663,"href":"https:\/\/ukskanu.pl\/index.php?rest_route=\/wp\/v2\/pages\/1653\/revisions\/1663"}],"wp:attachment":[{"href":"https:\/\/ukskanu.pl\/index.php?rest_route=%2Fwp%2Fv2%2Fmedia&parent=1653"}],"curies":[{"name":"wp","href":"https:\/\/api.w.org\/{rel}","templated":true}]}}