{"id":1418,"date":"2021-11-21T15:14:41","date_gmt":"2021-11-21T14:14:41","guid":{"rendered":"http:\/\/ukskanu.pl\/?page_id=1418"},"modified":"2023-08-28T20:51:58","modified_gmt":"2023-08-28T18:51:58","slug":"kajak-polo-2","status":"publish","type":"page","link":"https:\/\/ukskanu.pl\/?page_id=1418","title":{"rendered":"Nab\u00f3r"},"content":{"rendered":"\t\t<div data-elementor-type=\"wp-page\" data-elementor-id=\"1418\" class=\"elementor elementor-1418\">\n\t\t\t\t\t\t\t\t\t<section class=\"elementor-section elementor-top-section elementor-element elementor-element-83746e8 elementor-section-height-min-height elementor-section-boxed elementor-section-height-default elementor-section-items-middle\" data-id=\"83746e8\" data-element_type=\"section\" data-settings=\"{&quot;background_background&quot;:&quot;classic&quot;}\">\n\t\t\t\t\t\t\t<div class=\"elementor-background-overlay\"><\/div>\n\t\t\t\t\t\t\t<div class=\"elementor-container elementor-column-gap-default\">\n\t\t\t\t\t<div class=\"elementor-column elementor-col-100 elementor-top-column elementor-element elementor-element-09faee3\" data-id=\"09faee3\" data-element_type=\"column\">\n\t\t\t<div class=\"elementor-widget-wrap elementor-element-populated\">\n\t\t\t\t\t\t\t\t<div class=\"elementor-element elementor-element-c7152a9 elementor-widget elementor-widget-heading\" data-id=\"c7152a9\" data-element_type=\"widget\" data-widget_type=\"heading.default\">\n\t\t\t\t<div class=\"elementor-widget-container\">\n\t\t\t<style>\/*! elementor - v3.15.0 - 20-08-2023 *\/\n.elementor-heading-title{padding:0;margin:0;line-height:1}.elementor-widget-heading .elementor-heading-title[class*=elementor-size-]>a{color:inherit;font-size:inherit;line-height:inherit}.elementor-widget-heading .elementor-heading-title.elementor-size-small{font-size:15px}.elementor-widget-heading .elementor-heading-title.elementor-size-medium{font-size:19px}.elementor-widget-heading .elementor-heading-title.elementor-size-large{font-size:29px}.elementor-widget-heading .elementor-heading-title.elementor-size-xl{font-size:39px}.elementor-widget-heading .elementor-heading-title.elementor-size-xxl{font-size:59px}<\/style><h1 class=\"elementor-heading-title elementor-size-default\">Do\u0142\u0105cz do nas<\/h1>\t\t<\/div>\n\t\t\t\t<\/div>\n\t\t\t\t\t<\/div>\n\t\t<\/div>\n\t\t\t\t\t\t\t<\/div>\n\t\t<\/section>\n\t\t\t\t<section class=\"elementor-section elementor-top-section elementor-element elementor-element-11423856 elementor-section-boxed elementor-section-height-default elementor-section-height-default\" data-id=\"11423856\" data-element_type=\"section\">\n\t\t\t\t\t\t<div class=\"elementor-container elementor-column-gap-wider\">\n\t\t\t\t\t<div class=\"elementor-column elementor-col-100 elementor-top-column elementor-element elementor-element-7a1c3b65\" data-id=\"7a1c3b65\" data-element_type=\"column\">\n\t\t\t<div class=\"elementor-widget-wrap elementor-element-populated\">\n\t\t\t\t\t\t\t\t<div class=\"elementor-element elementor-element-5a8dae6 elementor-widget elementor-widget-heading\" data-id=\"5a8dae6\" data-element_type=\"widget\" data-widget_type=\"heading.default\">\n\t\t\t\t<div class=\"elementor-widget-container\">\n\t\t\t<h2 class=\"elementor-heading-title elementor-size-default\">Do\u0142\u0105cz do Nas w ka\u017cdej chwili<\/h2>\t\t<\/div>\n\t\t\t\t<\/div>\n\t\t\t\t<div class=\"elementor-element elementor-element-c4d1bf6 elementor-widget elementor-widget-text-editor\" data-id=\"c4d1bf6\" data-element_type=\"widget\" data-widget_type=\"text-editor.default\">\n\t\t\t\t<div class=\"elementor-widget-container\">\n\t\t\t<style>\/*! elementor - v3.15.0 - 20-08-2023 *\/\n.elementor-widget-text-editor.elementor-drop-cap-view-stacked .elementor-drop-cap{background-color:#69727d;color:#fff}.elementor-widget-text-editor.elementor-drop-cap-view-framed .elementor-drop-cap{color:#69727d;border:3px solid;background-color:transparent}.elementor-widget-text-editor:not(.elementor-drop-cap-view-default) .elementor-drop-cap{margin-top:8px}.elementor-widget-text-editor:not(.elementor-drop-cap-view-default) .elementor-drop-cap-letter{width:1em;height:1em}.elementor-widget-text-editor .elementor-drop-cap{float:left;text-align:center;line-height:1;font-size:50px}.elementor-widget-text-editor .elementor-drop-cap-letter{display:inline-block}<\/style>\t\t\t\t<p>\u00a0 \u00a0 \u00a0Nasze treningi trwaj\u0105 przez ca\u0142y rok, zapewniaj\u0105c Ci mo\u017cliwo\u015b\u0107 rozwijania umiej\u0119tno\u015bci w dyscyplinie kajak polo. Niezale\u017cnie czy jeste\u015b dziewczynk\u0105 czy ch\u0142opcem, serdecznie Ci\u0119 witamy! Najlepszym momentem na rozpocz\u0119cie trening\u00f3w jest okres szko\u0142y podstawowej, to idealny moment, aby do nas do\u0142\u0105czy\u0107.<\/p><p>\u00a0 \u00a0 \u00a0Nie musisz martwi\u0107 si\u0119 o sprz\u0119t &#8211; zapewniamy go na miejscu podczas trening\u00f3w. Aby zagwarantowa\u0107 Ci najwy\u017csz\u0105 jako\u015b\u0107 i bezpiecze\u0144stwo, nasi wykwalifikowani instruktorzy zadbaj\u0105 o ka\u017cdy detal Twojej nauki. Nasze zaj\u0119cia s\u0105 prowadzone w przyjaznej atmosferze i stawiamy na pe\u0142ne bezpiecze\u0144stwo ka\u017cdego uczestnika.<\/p><p>\u00a0 \u00a0 \u00a0Nie tylko trenujemy &#8211; w okresie wakacyjnym organizujemy ekscytuj\u0105ce obozy sportowe oraz p\u00f3\u0142kolonie. To doskona\u0142a okazja, aby zanurzy\u0107 si\u0119 w \u015bwiat kajak polo jeszcze bardziej intensywnie i zdobywa\u0107 nowe umiej\u0119tno\u015bci. Przygotowujemy si\u0119 r\u00f3wnie\u017c do udzia\u0142u w zawodach sportowych zar\u00f3wno og\u00f3lnopolskich, jak i mi\u0119dzynarodowych, daj\u0105c Ci mo\u017cliwo\u015b\u0107 rywalizacji na r\u00f3\u017cnych poziomach. U nas nie tylko zdobywasz umiej\u0119tno\u015bci sportowe, ale r\u00f3wnie\u017c sp\u0119dzasz czas w mi\u0142ym\u00a0<span style=\"font-style: inherit; font-weight: inherit; background-color: var(--ast-global-color-4);\">towarzystwie, ucz\u0105c si\u0119 warto\u015bci takich jak wsp\u00f3\u0142praca, rywalizacja i szacunek.<\/span><\/p><p><span style=\"font-style: inherit; font-weight: inherit; background-color: var(--ast-global-color-4);\">\u00a0 \u00a0 \u00a0<\/span><span style=\"background-color: var(--ast-global-color-4);\"><b><span style=\"font-style: inherit;\">Szczeg\u00f3\u0142owe informacje dotycz\u0105ce harmonogramu trening\u00f3w dla grupy pocz\u0105tkuj\u0105cej dost\u0119pne s\u0105 pod numerami kontaktowymi oraz na naszym fan page&#8217;u klubowym.\u00a0 \u00a0<\/span><\/b><\/span><a style=\"font-size: 1rem;\" href=\"https:\/\/ukskanu.pl\/?page_id=1420\" target=\"_blank\" rel=\"noopener\">Kontakt<\/a><\/p><p style=\"padding: 0.05cm; border: 1px solid #d9d9e3;\">\u00a0 \u00a0 \u00a0Do\u0142\u0105cz do naszej rosn\u0105cej rodziny i ciesz si\u0119 aktywnym sp\u0119dzaniem czasu, zdobywaniem umiej\u0119tno\u015bci pod okiem do\u015bwiadczonych trener\u00f3w. Nie mo\u017cemy si\u0119 doczeka\u0107, aby Ci\u0119 pozna\u0107 i podzieli\u0107 si\u0119 nasz\u0105 pasj\u0105!<\/p>\t\t\t\t\t\t<\/div>\n\t\t\t\t<\/div>\n\t\t\t\t<div class=\"elementor-element elementor-element-9431416 elementor-widget elementor-widget-button\" data-id=\"9431416\" data-element_type=\"widget\" data-widget_type=\"button.default\">\n\t\t\t\t<div class=\"elementor-widget-container\">\n\t\t\t\t\t<div class=\"elementor-button-wrapper\">\n\t\t\t<a class=\"elementor-button elementor-button-link elementor-size-sm\" href=\"http:\/\/ukskanu.pl\/wp-content\/uploads\/2023\/08\/deklaracja-Uks-Kanu.pdf\">\n\t\t\t\t\t\t<span class=\"elementor-button-content-wrapper\">\n\t\t\t\t\t\t<span class=\"elementor-button-text\">Deklaracja cz\u0142onkowska  pobierz<\/span>\n\t\t<\/span>\n\t\t\t\t\t<\/a>\n\t\t<\/div>\n\t\t\t\t<\/div>\n\t\t\t\t<\/div>\n\t\t\t\t\t<\/div>\n\t\t<\/div>\n\t\t\t\t\t\t\t<\/div>\n\t\t<\/section>\n\t\t\t\t<section class=\"elementor-section elementor-top-section elementor-element elementor-element-2d0bedb elementor-section-boxed elementor-section-height-default elementor-section-height-default\" data-id=\"2d0bedb\" data-element_type=\"section\">\n\t\t\t\t\t\t<div class=\"elementor-container elementor-column-gap-default\">\n\t\t\t\t\t<div class=\"elementor-column elementor-col-33 elementor-top-column elementor-element elementor-element-4baf868d\" data-id=\"4baf868d\" data-element_type=\"column\">\n\t\t\t<div class=\"elementor-widget-wrap elementor-element-populated\">\n\t\t\t\t\t\t\t\t<div class=\"elementor-element elementor-element-6ff78b04 elementor-widget elementor-widget-image\" data-id=\"6ff78b04\" data-element_type=\"widget\" data-widget_type=\"image.default\">\n\t\t\t\t<div class=\"elementor-widget-container\">\n\t\t\t<style>\/*! elementor - v3.15.0 - 20-08-2023 *\/\n.elementor-widget-image{text-align:center}.elementor-widget-image a{display:inline-block}.elementor-widget-image a img[src$=\".svg\"]{width:48px}.elementor-widget-image img{vertical-align:middle;display:inline-block}<\/style>\t\t\t\t\t\t\t\t\t\t\t\t<img loading=\"lazy\" decoding=\"async\" width=\"1024\" height=\"447\" src=\"https:\/\/ukskanu.pl\/wp-content\/uploads\/2023\/08\/211478507_4076445769136079_6565725082042976813_n-e1693246774941-1024x447.jpg\" class=\"attachment-large size-large wp-image-1482\" alt=\"\" srcset=\"https:\/\/ukskanu.pl\/wp-content\/uploads\/2023\/08\/211478507_4076445769136079_6565725082042976813_n-e1693246774941-1024x447.jpg 1024w, https:\/\/ukskanu.pl\/wp-content\/uploads\/2023\/08\/211478507_4076445769136079_6565725082042976813_n-e1693246774941-300x131.jpg 300w, https:\/\/ukskanu.pl\/wp-content\/uploads\/2023\/08\/211478507_4076445769136079_6565725082042976813_n-e1693246774941-768x335.jpg 768w, https:\/\/ukskanu.pl\/wp-content\/uploads\/2023\/08\/211478507_4076445769136079_6565725082042976813_n-e1693246774941-1536x671.jpg 1536w, https:\/\/ukskanu.pl\/wp-content\/uploads\/2023\/08\/211478507_4076445769136079_6565725082042976813_n-e1693246774941.jpg 2048w\" sizes=\"auto, (max-width: 1024px) 100vw, 1024px\" \/>\t\t\t\t\t\t\t\t\t\t\t\t\t\t\t<\/div>\n\t\t\t\t<\/div>\n\t\t\t\t\t<\/div>\n\t\t<\/div>\n\t\t\t\t<div class=\"elementor-column elementor-col-33 elementor-top-column elementor-element elementor-element-12261c7e\" data-id=\"12261c7e\" data-element_type=\"column\">\n\t\t\t<div class=\"elementor-widget-wrap elementor-element-populated\">\n\t\t\t\t\t\t\t\t<div class=\"elementor-element elementor-element-15f97120 elementor-widget elementor-widget-image\" data-id=\"15f97120\" data-element_type=\"widget\" data-widget_type=\"image.default\">\n\t\t\t\t<div class=\"elementor-widget-container\">\n\t\t\t\t\t\t\t\t\t\t\t\t\t\t\t<img loading=\"lazy\" decoding=\"async\" width=\"1024\" height=\"768\" src=\"https:\/\/ukskanu.pl\/wp-content\/uploads\/2023\/08\/365131242_763222908937756_850168911240042802_n-1024x768.jpg\" class=\"attachment-large size-large wp-image-1511\" alt=\"\" srcset=\"https:\/\/ukskanu.pl\/wp-content\/uploads\/2023\/08\/365131242_763222908937756_850168911240042802_n-1024x768.jpg 1024w, https:\/\/ukskanu.pl\/wp-content\/uploads\/2023\/08\/365131242_763222908937756_850168911240042802_n-300x225.jpg 300w, https:\/\/ukskanu.pl\/wp-content\/uploads\/2023\/08\/365131242_763222908937756_850168911240042802_n-768x576.jpg 768w, https:\/\/ukskanu.pl\/wp-content\/uploads\/2023\/08\/365131242_763222908937756_850168911240042802_n-1536x1152.jpg 1536w, https:\/\/ukskanu.pl\/wp-content\/uploads\/2023\/08\/365131242_763222908937756_850168911240042802_n.jpg 2048w\" sizes=\"auto, (max-width: 1024px) 100vw, 1024px\" \/>\t\t\t\t\t\t\t\t\t\t\t\t\t\t\t<\/div>\n\t\t\t\t<\/div>\n\t\t\t\t\t<\/div>\n\t\t<\/div>\n\t\t\t\t<div class=\"elementor-column elementor-col-33 elementor-top-column elementor-element elementor-element-517dd8ee\" data-id=\"517dd8ee\" data-element_type=\"column\">\n\t\t\t<div class=\"elementor-widget-wrap elementor-element-populated\">\n\t\t\t\t\t\t\t\t<div class=\"elementor-element elementor-element-2746458 elementor-widget elementor-widget-image\" data-id=\"2746458\" data-element_type=\"widget\" data-widget_type=\"image.default\">\n\t\t\t\t<div class=\"elementor-widget-container\">\n\t\t\t\t\t\t\t\t\t\t\t\t\t\t\t<img loading=\"lazy\" decoding=\"async\" width=\"1024\" height=\"769\" src=\"https:\/\/ukskanu.pl\/wp-content\/uploads\/2023\/08\/359756942_748862357040478_3563605235343172930_n-e1693222535249-1024x769.jpg\" class=\"attachment-large size-large wp-image-1505\" alt=\"\" srcset=\"https:\/\/ukskanu.pl\/wp-content\/uploads\/2023\/08\/359756942_748862357040478_3563605235343172930_n-e1693222535249-1024x769.jpg 1024w, https:\/\/ukskanu.pl\/wp-content\/uploads\/2023\/08\/359756942_748862357040478_3563605235343172930_n-e1693222535249-300x225.jpg 300w, https:\/\/ukskanu.pl\/wp-content\/uploads\/2023\/08\/359756942_748862357040478_3563605235343172930_n-e1693222535249-768x577.jpg 768w, https:\/\/ukskanu.pl\/wp-content\/uploads\/2023\/08\/359756942_748862357040478_3563605235343172930_n-e1693222535249.jpg 1532w\" sizes=\"auto, (max-width: 1024px) 100vw, 1024px\" \/>\t\t\t\t\t\t\t\t\t\t\t\t\t\t\t<\/div>\n\t\t\t\t<\/div>\n\t\t\t\t\t<\/div>\n\t\t<\/div>\n\t\t\t\t\t\t\t<\/div>\n\t\t<\/section>\n\t\t\t\t<section class=\"elementor-section elementor-top-section elementor-element elementor-element-40cabd83 elementor-section-boxed elementor-section-height-default elementor-section-height-default\" data-id=\"40cabd83\" data-element_type=\"section\">\n\t\t\t\t\t\t<div class=\"elementor-container elementor-column-gap-default\">\n\t\t\t\t\t<div class=\"elementor-column elementor-col-33 elementor-top-column elementor-element elementor-element-55ca9229\" data-id=\"55ca9229\" data-element_type=\"column\">\n\t\t\t<div class=\"elementor-widget-wrap elementor-element-populated\">\n\t\t\t\t\t\t\t\t<div class=\"elementor-element elementor-element-de18670 elementor-widget elementor-widget-image\" data-id=\"de18670\" data-element_type=\"widget\" data-widget_type=\"image.default\">\n\t\t\t\t<div class=\"elementor-widget-container\">\n\t\t\t\t\t\t\t\t\t\t\t\t\t\t\t<img decoding=\"async\" src=\"https:\/\/ukskanu.pl\/wp-content\/uploads\/2023\/08\/290590491_5177092055738106_4062828179930262579_n-e1693124842561.jpg\" title=\"290590491_5177092055738106_4062828179930262579_n\" alt=\"290590491_5177092055738106_4062828179930262579_n\" loading=\"lazy\" \/>\t\t\t\t\t\t\t\t\t\t\t\t\t\t\t<\/div>\n\t\t\t\t<\/div>\n\t\t\t\t\t<\/div>\n\t\t<\/div>\n\t\t\t\t<div class=\"elementor-column elementor-col-33 elementor-top-column elementor-element elementor-element-60b9d3e8\" data-id=\"60b9d3e8\" data-element_type=\"column\">\n\t\t\t<div class=\"elementor-widget-wrap elementor-element-populated\">\n\t\t\t\t\t\t\t\t<div class=\"elementor-element elementor-element-418f1d3 elementor-widget elementor-widget-image\" data-id=\"418f1d3\" data-element_type=\"widget\" data-widget_type=\"image.default\">\n\t\t\t\t<div class=\"elementor-widget-container\">\n\t\t\t\t\t\t\t\t\t\t\t\t\t\t\t<img loading=\"lazy\" decoding=\"async\" width=\"1024\" height=\"576\" src=\"https:\/\/ukskanu.pl\/wp-content\/uploads\/2023\/08\/DSC08902-1024x576.jpg\" class=\"attachment-large size-large wp-image-1483\" alt=\"\" srcset=\"https:\/\/ukskanu.pl\/wp-content\/uploads\/2023\/08\/DSC08902-1024x576.jpg 1024w, https:\/\/ukskanu.pl\/wp-content\/uploads\/2023\/08\/DSC08902-300x169.jpg 300w, https:\/\/ukskanu.pl\/wp-content\/uploads\/2023\/08\/DSC08902-768x432.jpg 768w, https:\/\/ukskanu.pl\/wp-content\/uploads\/2023\/08\/DSC08902-1536x864.jpg 1536w, https:\/\/ukskanu.pl\/wp-content\/uploads\/2023\/08\/DSC08902.jpg 1920w\" sizes=\"auto, (max-width: 1024px) 100vw, 1024px\" \/>\t\t\t\t\t\t\t\t\t\t\t\t\t\t\t<\/div>\n\t\t\t\t<\/div>\n\t\t\t\t\t<\/div>\n\t\t<\/div>\n\t\t\t\t<div class=\"elementor-column elementor-col-33 elementor-top-column elementor-element elementor-element-460a706f\" data-id=\"460a706f\" data-element_type=\"column\">\n\t\t\t<div class=\"elementor-widget-wrap elementor-element-populated\">\n\t\t\t\t\t\t\t\t<div class=\"elementor-element elementor-element-f90fd3b elementor-widget elementor-widget-image\" data-id=\"f90fd3b\" data-element_type=\"widget\" data-widget_type=\"image.default\">\n\t\t\t\t<div class=\"elementor-widget-container\">\n\t\t\t\t\t\t\t\t\t\t\t\t\t\t\t<img loading=\"lazy\" decoding=\"async\" width=\"1024\" height=\"759\" src=\"https:\/\/ukskanu.pl\/wp-content\/uploads\/2023\/08\/362930159_757533856173328_1537375966832894799_n-e1693234147974-1024x759.jpg\" class=\"attachment-large size-large wp-image-1604\" alt=\"\" srcset=\"https:\/\/ukskanu.pl\/wp-content\/uploads\/2023\/08\/362930159_757533856173328_1537375966832894799_n-e1693234147974-1024x759.jpg 1024w, https:\/\/ukskanu.pl\/wp-content\/uploads\/2023\/08\/362930159_757533856173328_1537375966832894799_n-e1693234147974-300x222.jpg 300w, https:\/\/ukskanu.pl\/wp-content\/uploads\/2023\/08\/362930159_757533856173328_1537375966832894799_n-e1693234147974-768x569.jpg 768w, https:\/\/ukskanu.pl\/wp-content\/uploads\/2023\/08\/362930159_757533856173328_1537375966832894799_n-e1693234147974-1536x1138.jpg 1536w, https:\/\/ukskanu.pl\/wp-content\/uploads\/2023\/08\/362930159_757533856173328_1537375966832894799_n-e1693234147974.jpg 1856w\" sizes=\"auto, (max-width: 1024px) 100vw, 1024px\" \/>\t\t\t\t\t\t\t\t\t\t\t\t\t\t\t<\/div>\n\t\t\t\t<\/div>\n\t\t\t\t\t<\/div>\n\t\t<\/div>\n\t\t\t\t\t\t\t<\/div>\n\t\t<\/section>\n\t\t\t\t<section class=\"elementor-section elementor-top-section elementor-element elementor-element-622976b2 elementor-section-boxed elementor-section-height-default elementor-section-height-default\" data-id=\"622976b2\" data-element_type=\"section\">\n\t\t\t\t\t\t<div class=\"elementor-container elementor-column-gap-default\">\n\t\t\t\t\t<div class=\"elementor-column elementor-col-50 elementor-top-column elementor-element elementor-element-6716ff1e\" data-id=\"6716ff1e\" data-element_type=\"column\">\n\t\t\t<div class=\"elementor-widget-wrap elementor-element-populated\">\n\t\t\t\t\t\t\t\t<div class=\"elementor-element elementor-element-705387a0 elementor-widget elementor-widget-text-editor\" data-id=\"705387a0\" data-element_type=\"widget\" data-widget_type=\"text-editor.default\">\n\t\t\t\t<div class=\"elementor-widget-container\">\n\t\t\t\t\t\t\t<p>Sponsorzy:<\/p>\t\t\t\t\t\t<\/div>\n\t\t\t\t<\/div>\n\t\t\t\t<div class=\"elementor-element elementor-element-52f34511 elementor-widget elementor-widget-image\" data-id=\"52f34511\" data-element_type=\"widget\" data-widget_type=\"image.default\">\n\t\t\t\t<div class=\"elementor-widget-container\">\n\t\t\t\t\t\t\t\t\t\t\t\t\t\t\t<img loading=\"lazy\" decoding=\"async\" width=\"1024\" height=\"154\" src=\"https:\/\/ukskanu.pl\/wp-content\/uploads\/2023\/08\/baner-sponsor-1024x154.jpg\" class=\"attachment-large size-large wp-image-1574\" alt=\"\" srcset=\"https:\/\/ukskanu.pl\/wp-content\/uploads\/2023\/08\/baner-sponsor-1024x154.jpg 1024w, https:\/\/ukskanu.pl\/wp-content\/uploads\/2023\/08\/baner-sponsor-300x45.jpg 300w, https:\/\/ukskanu.pl\/wp-content\/uploads\/2023\/08\/baner-sponsor-768x115.jpg 768w, https:\/\/ukskanu.pl\/wp-content\/uploads\/2023\/08\/baner-sponsor-1536x231.jpg 1536w, https:\/\/ukskanu.pl\/wp-content\/uploads\/2023\/08\/baner-sponsor.jpg 1862w\" sizes=\"auto, (max-width: 1024px) 100vw, 1024px\" \/>\t\t\t\t\t\t\t\t\t\t\t\t\t\t\t<\/div>\n\t\t\t\t<\/div>\n\t\t\t\t\t<\/div>\n\t\t<\/div>\n\t\t\t\t<div class=\"elementor-column elementor-col-50 elementor-top-column elementor-element elementor-element-568f57df\" data-id=\"568f57df\" data-element_type=\"column\">\n\t\t\t<div class=\"elementor-widget-wrap elementor-element-populated\">\n\t\t\t\t\t\t\t\t<div class=\"elementor-element elementor-element-33074026 elementor-widget elementor-widget-text-editor\" data-id=\"33074026\" data-element_type=\"widget\" data-widget_type=\"text-editor.default\">\n\t\t\t\t<div class=\"elementor-widget-container\">\n\t\t\t\t\t\t\t<p>Partnerzy:<\/p>\t\t\t\t\t\t<\/div>\n\t\t\t\t<\/div>\n\t\t\t\t<div class=\"elementor-element elementor-element-40a4eeee elementor-widget elementor-widget-image\" data-id=\"40a4eeee\" data-element_type=\"widget\" data-widget_type=\"image.default\">\n\t\t\t\t<div class=\"elementor-widget-container\">\n\t\t\t\t\t\t\t\t\t\t\t\t\t\t\t<img loading=\"lazy\" decoding=\"async\" width=\"1024\" height=\"201\" src=\"https:\/\/ukskanu.pl\/wp-content\/uploads\/2023\/08\/logo-1024x201.jpg\" class=\"attachment-large size-large wp-image-1573\" alt=\"\" srcset=\"https:\/\/ukskanu.pl\/wp-content\/uploads\/2023\/08\/logo-1024x201.jpg 1024w, https:\/\/ukskanu.pl\/wp-content\/uploads\/2023\/08\/logo-300x59.jpg 300w, https:\/\/ukskanu.pl\/wp-content\/uploads\/2023\/08\/logo-768x151.jpg 768w, https:\/\/ukskanu.pl\/wp-content\/uploads\/2023\/08\/logo-1536x302.jpg 1536w, https:\/\/ukskanu.pl\/wp-content\/uploads\/2023\/08\/logo.jpg 1830w\" sizes=\"auto, (max-width: 1024px) 100vw, 1024px\" \/>\t\t\t\t\t\t\t\t\t\t\t\t\t\t\t<\/div>\n\t\t\t\t<\/div>\n\t\t\t\t\t<\/div>\n\t\t<\/div>\n\t\t\t\t\t\t\t<\/div>\n\t\t<\/section>\n\t\t\t\t\t\t\t<\/div>\n\t\t","protected":false},"excerpt":{"rendered":"<p>Do\u0142\u0105cz do nas Do\u0142\u0105cz do Nas w ka\u017cdej chwili \u00a0 \u00a0 \u00a0Nasze treningi trwaj\u0105 przez ca\u0142y rok, zapewniaj\u0105c Ci mo\u017cliwo\u015b\u0107 rozwijania umiej\u0119tno\u015bci w dyscyplinie kajak polo. Niezale\u017cnie czy jeste\u015b dziewczynk\u0105 czy ch\u0142opcem, serdecznie Ci\u0119 witamy! Najlepszym momentem na rozpocz\u0119cie trening\u00f3w jest okres szko\u0142y podstawowej, to idealny moment, aby do nas do\u0142\u0105czy\u0107. \u00a0 \u00a0 \u00a0Nie musisz &hellip;<\/p>\n<p class=\"read-more\"> <a class=\"\" href=\"https:\/\/ukskanu.pl\/?page_id=1418\"> <span class=\"screen-reader-text\">Nab\u00f3r<\/span> Read More &raquo;<\/a><\/p>\n","protected":false},"author":1,"featured_media":0,"parent":0,"menu_order":0,"comment_status":"closed","ping_status":"closed","template":"","meta":{"_uag_custom_page_level_css":"","site-sidebar-layout":"no-sidebar","site-content-layout":"page-builder","ast-site-content-layout":"","site-content-style":"default","site-sidebar-style":"default","ast-global-header-display":"","ast-banner-title-visibility":"","ast-main-header-display":"","ast-hfb-above-header-display":"","ast-hfb-below-header-display":"","ast-hfb-mobile-header-display":"","site-post-title":"disabled","ast-breadcrumbs-content":"","ast-featured-img":"disabled","footer-sml-layout":"","theme-transparent-header-meta":"enabled","adv-header-id-meta":"","stick-header-meta":"","header-above-stick-meta":"","header-main-stick-meta":"","header-below-stick-meta":"","astra-migrate-meta-layouts":"","footnotes":""},"class_list":["post-1418","page","type-page","status-publish","hentry"],"uagb_featured_image_src":{"full":false,"thumbnail":false,"medium":false,"medium_large":false,"large":false,"1536x1536":false,"2048x2048":false},"uagb_author_info":{"display_name":"ukskanu","author_link":"https:\/\/ukskanu.pl\/?author=1"},"uagb_comment_info":0,"uagb_excerpt":"Do\u0142\u0105cz do nas Do\u0142\u0105cz do Nas w ka\u017cdej chwili \u00a0 \u00a0 \u00a0Nasze treningi trwaj\u0105 przez ca\u0142y rok, zapewniaj\u0105c Ci mo\u017cliwo\u015b\u0107 rozwijania umiej\u0119tno\u015bci w dyscyplinie kajak polo. Niezale\u017cnie czy jeste\u015b dziewczynk\u0105 czy ch\u0142opcem, serdecznie Ci\u0119 witamy! Najlepszym momentem na rozpocz\u0119cie trening\u00f3w jest okres szko\u0142y podstawowej, to idealny moment, aby do nas do\u0142\u0105czy\u0107. \u00a0 \u00a0 \u00a0Nie musisz&hellip;","_links":{"self":[{"href":"https:\/\/ukskanu.pl\/index.php?rest_route=\/wp\/v2\/pages\/1418","targetHints":{"allow":["GET"]}}],"collection":[{"href":"https:\/\/ukskanu.pl\/index.php?rest_route=\/wp\/v2\/pages"}],"about":[{"href":"https:\/\/ukskanu.pl\/index.php?rest_route=\/wp\/v2\/types\/page"}],"author":[{"embeddable":true,"href":"https:\/\/ukskanu.pl\/index.php?rest_route=\/wp\/v2\/users\/1"}],"replies":[{"embeddable":true,"href":"https:\/\/ukskanu.pl\/index.php?rest_route=%2Fwp%2Fv2%2Fcomments&post=1418"}],"version-history":[{"count":20,"href":"https:\/\/ukskanu.pl\/index.php?rest_route=\/wp\/v2\/pages\/1418\/revisions"}],"predecessor-version":[{"id":1645,"href":"https:\/\/ukskanu.pl\/index.php?rest_route=\/wp\/v2\/pages\/1418\/revisions\/1645"}],"wp:attachment":[{"href":"https:\/\/ukskanu.pl\/index.php?rest_route=%2Fwp%2Fv2%2Fmedia&parent=1418"}],"curies":[{"name":"wp","href":"https:\/\/api.w.org\/{rel}","templated":true}]}}