{"id":1416,"date":"2021-11-21T15:14:19","date_gmt":"2021-11-21T14:14:19","guid":{"rendered":"http:\/\/ukskanu.pl\/?page_id=1416"},"modified":"2023-08-28T16:15:44","modified_gmt":"2023-08-28T14:15:44","slug":"o-nas","status":"publish","type":"page","link":"https:\/\/ukskanu.pl\/?page_id=1416","title":{"rendered":"O Nas"},"content":{"rendered":"\t\t<div data-elementor-type=\"wp-page\" data-elementor-id=\"1416\" class=\"elementor elementor-1416\">\n\t\t\t\t\t\t\t\t\t<section class=\"elementor-section elementor-top-section elementor-element elementor-element-c8ddeb6 elementor-section-height-min-height elementor-section-boxed elementor-section-height-default elementor-section-items-middle\" data-id=\"c8ddeb6\" data-element_type=\"section\" data-settings=\"{&quot;background_background&quot;:&quot;classic&quot;}\">\n\t\t\t\t\t\t\t<div class=\"elementor-background-overlay\"><\/div>\n\t\t\t\t\t\t\t<div class=\"elementor-container elementor-column-gap-default\">\n\t\t\t\t\t<div class=\"elementor-column elementor-col-100 elementor-top-column elementor-element elementor-element-6a5337e\" data-id=\"6a5337e\" data-element_type=\"column\">\n\t\t\t<div class=\"elementor-widget-wrap elementor-element-populated\">\n\t\t\t\t\t\t\t\t<div class=\"elementor-element elementor-element-feefb6c elementor-widget elementor-widget-heading\" data-id=\"feefb6c\" data-element_type=\"widget\" data-widget_type=\"heading.default\">\n\t\t\t\t<div class=\"elementor-widget-container\">\n\t\t\t<style>\/*! elementor - v3.15.0 - 20-08-2023 *\/\n.elementor-heading-title{padding:0;margin:0;line-height:1}.elementor-widget-heading .elementor-heading-title[class*=elementor-size-]>a{color:inherit;font-size:inherit;line-height:inherit}.elementor-widget-heading .elementor-heading-title.elementor-size-small{font-size:15px}.elementor-widget-heading .elementor-heading-title.elementor-size-medium{font-size:19px}.elementor-widget-heading .elementor-heading-title.elementor-size-large{font-size:29px}.elementor-widget-heading .elementor-heading-title.elementor-size-xl{font-size:39px}.elementor-widget-heading .elementor-heading-title.elementor-size-xxl{font-size:59px}<\/style><h1 class=\"elementor-heading-title elementor-size-default\">O Nas<\/h1>\t\t<\/div>\n\t\t\t\t<\/div>\n\t\t\t\t\t<\/div>\n\t\t<\/div>\n\t\t\t\t\t\t\t<\/div>\n\t\t<\/section>\n\t\t\t\t<section class=\"elementor-section elementor-top-section elementor-element elementor-element-71d7efc elementor-section-boxed elementor-section-height-default elementor-section-height-default\" data-id=\"71d7efc\" data-element_type=\"section\">\n\t\t\t\t\t\t<div class=\"elementor-container elementor-column-gap-default\">\n\t\t\t\t\t<div class=\"elementor-column elementor-col-100 elementor-top-column elementor-element elementor-element-0d33ccb\" data-id=\"0d33ccb\" data-element_type=\"column\">\n\t\t\t<div class=\"elementor-widget-wrap elementor-element-populated\">\n\t\t\t\t\t\t\t\t<div class=\"elementor-element elementor-element-1db8264 elementor-widget elementor-widget-heading\" data-id=\"1db8264\" data-element_type=\"widget\" data-widget_type=\"heading.default\">\n\t\t\t\t<div class=\"elementor-widget-container\">\n\t\t\t<h2 class=\"elementor-heading-title elementor-size-default\">Poznajmy si\u0119<\/h2>\t\t<\/div>\n\t\t\t\t<\/div>\n\t\t\t\t<div class=\"elementor-element elementor-element-51369b0 elementor-widget elementor-widget-text-editor\" data-id=\"51369b0\" data-element_type=\"widget\" data-widget_type=\"text-editor.default\">\n\t\t\t\t<div class=\"elementor-widget-container\">\n\t\t\t<style>\/*! elementor - v3.15.0 - 20-08-2023 *\/\n.elementor-widget-text-editor.elementor-drop-cap-view-stacked .elementor-drop-cap{background-color:#69727d;color:#fff}.elementor-widget-text-editor.elementor-drop-cap-view-framed .elementor-drop-cap{color:#69727d;border:3px solid;background-color:transparent}.elementor-widget-text-editor:not(.elementor-drop-cap-view-default) .elementor-drop-cap{margin-top:8px}.elementor-widget-text-editor:not(.elementor-drop-cap-view-default) .elementor-drop-cap-letter{width:1em;height:1em}.elementor-widget-text-editor .elementor-drop-cap{float:left;text-align:center;line-height:1;font-size:50px}.elementor-widget-text-editor .elementor-drop-cap-letter{display:inline-block}<\/style>\t\t\t\t<p>Witajcie na naszej stronie po\u015bwi\u0119conej klubowi UKS Kanu Katowice<\/p><p>Jeste\u015bmy zespo\u0142em pe\u0142nym pasji i zaanga\u017cowania, dzia\u0142aj\u0105cym od 2014 roku. Za\u0142o\u017cycielem naszego klubu jest Maciej \u015amiechowski, kt\u00f3ry razem z nami tworzy spo\u0142eczno\u015b\u0107 kajak polo opart\u0105 na wsp\u00f3lnych warto\u015bciach.<\/p><p>Nasza grupa sk\u0142ada si\u0119 z pasjonat\u00f3w kajak polo, kt\u00f3rzy nie tylko uprawiaj\u0105 t\u0119 dynamiczn\u0105 dyscyplin\u0119, ale r\u00f3wnie\u017c z pasj\u0105 j\u0105 trenuj\u0105. Nasza siedziba znajduje si\u0119 w Katowicach, gdzie regularnie spotykamy si\u0119 na treningach. Naszym g\u0142\u00f3wnym celem jest szkolenie dzieci i m\u0142odzie\u017cy, dlatego te\u017c k\u0142adziemy du\u017cy nacisk na rozwijanie umiej\u0119tno\u015bci m\u0142odszych zawodnik\u00f3w.<\/p><p>Organizujemy regularne treningi z kajak polo, kt\u00f3re pozwalaj\u0105 nam doskonali\u0107 swoje umiej\u0119tno\u015bci techniczne oraz taktyczne. Nie ograniczamy si\u0119 tylko do trening\u00f3w w naszym mie\u015bcie. Regularnie uczestniczymy w obozach sportowych, kt\u00f3re pozwalaj\u0105 nam nie tylko doskonali\u0107 umiej\u0119tno\u015bci, ale tak\u017ce integrowa\u0107 si\u0119 jako zesp\u00f3\u0142.\u00a0<\/p><p>Nasza determinacja i zaanga\u017cowanie przynosz\u0105 efekty &#8211; bierzemy udzia\u0142 w zawodach og\u00f3lnopolskich i mi\u0119dzynarodowych, reprezentuj\u0105c nie tylko nasz klub, ale tak\u017ce Polsk\u0119. Kilku naszych zawodnik\u00f3w ma zaszczyt reprezentowa\u0107 Polsk\u0119 na Mistrzostwach \u015awiata, Europy, co jest dla nas ogromnym osi\u0105gni\u0119ciem.<\/p><p>Jednak nasz klub to nie tylko sportowe osi\u0105gni\u0119cia. Wa\u017cne jest dla nas r\u00f3wnie\u017c sp\u0119dzanie aktywnie czasu wolnego w duchu fair play i zdrowej rywalizacji. Treningi prowadzone s\u0105 przez wykwalifikowan\u0105 kadr\u0119 instruktor\u00f3w, kt\u00f3rzy nie tylko posiadaj\u0105 fachow\u0105 wiedz\u0119, ale tak\u017ce potrafi\u0105 przekaza\u0107 swoj\u0105 pasj\u0119 i zaanga\u017cowanie.<\/p><p>Cieszymy si\u0119, \u017ce mo\u017cemy sp\u0119dza\u0107 aktywnie sw\u00f3j czas wolny, rozwijaj\u0105c swoje umiej\u0119tno\u015bci, integruj\u0105c si\u0119 jako zesp\u00f3\u0142 i reprezentuj\u0105c nasz klub na arenie sportowej. Zapraszamy do \u015bledzenia naszych osi\u0105gni\u0119\u0107 i do\u0142\u0105czania do naszej spo\u0142eczno\u015bci kajak polo!\u00a0<\/p>\t\t\t\t\t\t<\/div>\n\t\t\t\t<\/div>\n\t\t\t\t\t<\/div>\n\t\t<\/div>\n\t\t\t\t\t\t\t<\/div>\n\t\t<\/section>\n\t\t\t\t<section class=\"elementor-section elementor-top-section elementor-element elementor-element-700d829 elementor-section-boxed elementor-section-height-default elementor-section-height-default\" data-id=\"700d829\" data-element_type=\"section\">\n\t\t\t\t\t\t<div class=\"elementor-container elementor-column-gap-default\">\n\t\t\t\t\t<div class=\"elementor-column elementor-col-100 elementor-top-column elementor-element elementor-element-5250a33\" data-id=\"5250a33\" data-element_type=\"column\">\n\t\t\t<div class=\"elementor-widget-wrap\">\n\t\t\t\t\t\t\t\t\t<\/div>\n\t\t<\/div>\n\t\t\t\t\t\t\t<\/div>\n\t\t<\/section>\n\t\t\t\t<section class=\"elementor-section elementor-top-section elementor-element elementor-element-582a7bf elementor-section-boxed elementor-section-height-default elementor-section-height-default\" data-id=\"582a7bf\" data-element_type=\"section\">\n\t\t\t\t\t\t<div class=\"elementor-container elementor-column-gap-default\">\n\t\t\t\t\t<div class=\"elementor-column elementor-col-33 elementor-top-column elementor-element elementor-element-a875b22\" data-id=\"a875b22\" data-element_type=\"column\">\n\t\t\t<div class=\"elementor-widget-wrap elementor-element-populated\">\n\t\t\t\t\t\t\t\t<div class=\"elementor-element elementor-element-22575fd elementor-widget elementor-widget-image\" data-id=\"22575fd\" data-element_type=\"widget\" data-widget_type=\"image.default\">\n\t\t\t\t<div class=\"elementor-widget-container\">\n\t\t\t<style>\/*! elementor - v3.15.0 - 20-08-2023 *\/\n.elementor-widget-image{text-align:center}.elementor-widget-image a{display:inline-block}.elementor-widget-image a img[src$=\".svg\"]{width:48px}.elementor-widget-image img{vertical-align:middle;display:inline-block}<\/style>\t\t\t\t\t\t\t\t\t\t\t\t<img loading=\"lazy\" decoding=\"async\" width=\"1024\" height=\"447\" src=\"https:\/\/ukskanu.pl\/wp-content\/uploads\/2023\/08\/211478507_4076445769136079_6565725082042976813_n-e1693246774941-1024x447.jpg\" class=\"attachment-large size-large wp-image-1482\" alt=\"\" srcset=\"https:\/\/ukskanu.pl\/wp-content\/uploads\/2023\/08\/211478507_4076445769136079_6565725082042976813_n-e1693246774941-1024x447.jpg 1024w, https:\/\/ukskanu.pl\/wp-content\/uploads\/2023\/08\/211478507_4076445769136079_6565725082042976813_n-e1693246774941-300x131.jpg 300w, https:\/\/ukskanu.pl\/wp-content\/uploads\/2023\/08\/211478507_4076445769136079_6565725082042976813_n-e1693246774941-768x335.jpg 768w, https:\/\/ukskanu.pl\/wp-content\/uploads\/2023\/08\/211478507_4076445769136079_6565725082042976813_n-e1693246774941-1536x671.jpg 1536w, https:\/\/ukskanu.pl\/wp-content\/uploads\/2023\/08\/211478507_4076445769136079_6565725082042976813_n-e1693246774941.jpg 2048w\" sizes=\"auto, (max-width: 1024px) 100vw, 1024px\" \/>\t\t\t\t\t\t\t\t\t\t\t\t\t\t\t<\/div>\n\t\t\t\t<\/div>\n\t\t\t\t\t<\/div>\n\t\t<\/div>\n\t\t\t\t<div class=\"elementor-column elementor-col-33 elementor-top-column elementor-element elementor-element-d478a2c\" data-id=\"d478a2c\" data-element_type=\"column\">\n\t\t\t<div class=\"elementor-widget-wrap elementor-element-populated\">\n\t\t\t\t\t\t\t\t<div class=\"elementor-element elementor-element-3c6fd75 elementor-widget elementor-widget-image\" data-id=\"3c6fd75\" data-element_type=\"widget\" data-widget_type=\"image.default\">\n\t\t\t\t<div class=\"elementor-widget-container\">\n\t\t\t\t\t\t\t\t\t\t\t\t\t\t\t<img loading=\"lazy\" decoding=\"async\" width=\"1024\" height=\"768\" src=\"https:\/\/ukskanu.pl\/wp-content\/uploads\/2023\/08\/365131242_763222908937756_850168911240042802_n-1024x768.jpg\" class=\"attachment-large size-large wp-image-1511\" alt=\"\" srcset=\"https:\/\/ukskanu.pl\/wp-content\/uploads\/2023\/08\/365131242_763222908937756_850168911240042802_n-1024x768.jpg 1024w, https:\/\/ukskanu.pl\/wp-content\/uploads\/2023\/08\/365131242_763222908937756_850168911240042802_n-300x225.jpg 300w, https:\/\/ukskanu.pl\/wp-content\/uploads\/2023\/08\/365131242_763222908937756_850168911240042802_n-768x576.jpg 768w, https:\/\/ukskanu.pl\/wp-content\/uploads\/2023\/08\/365131242_763222908937756_850168911240042802_n-1536x1152.jpg 1536w, https:\/\/ukskanu.pl\/wp-content\/uploads\/2023\/08\/365131242_763222908937756_850168911240042802_n.jpg 2048w\" sizes=\"auto, (max-width: 1024px) 100vw, 1024px\" \/>\t\t\t\t\t\t\t\t\t\t\t\t\t\t\t<\/div>\n\t\t\t\t<\/div>\n\t\t\t\t\t<\/div>\n\t\t<\/div>\n\t\t\t\t<div class=\"elementor-column elementor-col-33 elementor-top-column elementor-element elementor-element-a37a8e5\" data-id=\"a37a8e5\" data-element_type=\"column\">\n\t\t\t<div class=\"elementor-widget-wrap elementor-element-populated\">\n\t\t\t\t\t\t\t\t<div class=\"elementor-element elementor-element-9e94b6f elementor-widget elementor-widget-image\" data-id=\"9e94b6f\" data-element_type=\"widget\" data-widget_type=\"image.default\">\n\t\t\t\t<div class=\"elementor-widget-container\">\n\t\t\t\t\t\t\t\t\t\t\t\t\t\t\t<img loading=\"lazy\" decoding=\"async\" width=\"1024\" height=\"768\" src=\"https:\/\/ukskanu.pl\/wp-content\/uploads\/2023\/08\/348575423_943823766770238_5451248533706808513_n-1024x768.jpg\" class=\"attachment-large size-large wp-image-1513\" alt=\"\" srcset=\"https:\/\/ukskanu.pl\/wp-content\/uploads\/2023\/08\/348575423_943823766770238_5451248533706808513_n-1024x768.jpg 1024w, https:\/\/ukskanu.pl\/wp-content\/uploads\/2023\/08\/348575423_943823766770238_5451248533706808513_n-300x225.jpg 300w, https:\/\/ukskanu.pl\/wp-content\/uploads\/2023\/08\/348575423_943823766770238_5451248533706808513_n-768x576.jpg 768w, https:\/\/ukskanu.pl\/wp-content\/uploads\/2023\/08\/348575423_943823766770238_5451248533706808513_n-1536x1152.jpg 1536w, https:\/\/ukskanu.pl\/wp-content\/uploads\/2023\/08\/348575423_943823766770238_5451248533706808513_n.jpg 2016w\" sizes=\"auto, (max-width: 1024px) 100vw, 1024px\" \/>\t\t\t\t\t\t\t\t\t\t\t\t\t\t\t<\/div>\n\t\t\t\t<\/div>\n\t\t\t\t\t<\/div>\n\t\t<\/div>\n\t\t\t\t\t\t\t<\/div>\n\t\t<\/section>\n\t\t\t\t<section class=\"elementor-section elementor-top-section elementor-element elementor-element-b14bf50 elementor-section-boxed elementor-section-height-default elementor-section-height-default\" data-id=\"b14bf50\" data-element_type=\"section\">\n\t\t\t\t\t\t<div class=\"elementor-container elementor-column-gap-default\">\n\t\t\t\t\t<div class=\"elementor-column elementor-col-33 elementor-top-column elementor-element elementor-element-4bea4f5\" data-id=\"4bea4f5\" data-element_type=\"column\">\n\t\t\t<div class=\"elementor-widget-wrap elementor-element-populated\">\n\t\t\t\t\t\t\t\t<div class=\"elementor-element elementor-element-711e371 elementor-widget elementor-widget-image\" data-id=\"711e371\" data-element_type=\"widget\" data-widget_type=\"image.default\">\n\t\t\t\t<div class=\"elementor-widget-container\">\n\t\t\t\t\t\t\t\t\t\t\t\t\t\t\t<img decoding=\"async\" src=\"https:\/\/ukskanu.pl\/wp-content\/uploads\/2023\/08\/362963581_756228682970512_8869096243338939570_n-scaled.jpg\" title=\"362963581_756228682970512_8869096243338939570_n\" alt=\"362963581_756228682970512_8869096243338939570_n\" loading=\"lazy\" \/>\t\t\t\t\t\t\t\t\t\t\t\t\t\t\t<\/div>\n\t\t\t\t<\/div>\n\t\t\t\t\t<\/div>\n\t\t<\/div>\n\t\t\t\t<div class=\"elementor-column elementor-col-33 elementor-top-column elementor-element elementor-element-4cbcd2e\" data-id=\"4cbcd2e\" data-element_type=\"column\">\n\t\t\t<div class=\"elementor-widget-wrap elementor-element-populated\">\n\t\t\t\t\t\t\t\t<div class=\"elementor-element elementor-element-5bfda8c elementor-widget elementor-widget-image\" data-id=\"5bfda8c\" data-element_type=\"widget\" data-widget_type=\"image.default\">\n\t\t\t\t<div class=\"elementor-widget-container\">\n\t\t\t\t\t\t\t\t\t\t\t\t\t\t\t<img loading=\"lazy\" decoding=\"async\" width=\"1024\" height=\"461\" src=\"https:\/\/ukskanu.pl\/wp-content\/uploads\/2023\/08\/353445945_732390698687644_8288345342268191430_n-1024x461.jpg\" class=\"attachment-large size-large wp-image-1515\" alt=\"\" srcset=\"https:\/\/ukskanu.pl\/wp-content\/uploads\/2023\/08\/353445945_732390698687644_8288345342268191430_n-1024x461.jpg 1024w, https:\/\/ukskanu.pl\/wp-content\/uploads\/2023\/08\/353445945_732390698687644_8288345342268191430_n-300x135.jpg 300w, https:\/\/ukskanu.pl\/wp-content\/uploads\/2023\/08\/353445945_732390698687644_8288345342268191430_n-768x346.jpg 768w, https:\/\/ukskanu.pl\/wp-content\/uploads\/2023\/08\/353445945_732390698687644_8288345342268191430_n-1536x691.jpg 1536w, https:\/\/ukskanu.pl\/wp-content\/uploads\/2023\/08\/353445945_732390698687644_8288345342268191430_n-2048x922.jpg 2048w\" sizes=\"auto, (max-width: 1024px) 100vw, 1024px\" \/>\t\t\t\t\t\t\t\t\t\t\t\t\t\t\t<\/div>\n\t\t\t\t<\/div>\n\t\t\t\t\t<\/div>\n\t\t<\/div>\n\t\t\t\t<div class=\"elementor-column elementor-col-33 elementor-top-column elementor-element elementor-element-8281452\" data-id=\"8281452\" data-element_type=\"column\">\n\t\t\t<div class=\"elementor-widget-wrap elementor-element-populated\">\n\t\t\t\t\t\t\t\t<div class=\"elementor-element elementor-element-a89a90e elementor-widget elementor-widget-image\" data-id=\"a89a90e\" data-element_type=\"widget\" data-widget_type=\"image.default\">\n\t\t\t\t<div class=\"elementor-widget-container\">\n\t\t\t\t\t\t\t\t\t\t\t\t\t\t\t<img loading=\"lazy\" decoding=\"async\" width=\"1024\" height=\"768\" src=\"https:\/\/ukskanu.pl\/wp-content\/uploads\/2023\/08\/365422523_763223185604395_6023190174321004243_n-1024x768.jpg\" class=\"attachment-large size-large wp-image-1512\" alt=\"\" srcset=\"https:\/\/ukskanu.pl\/wp-content\/uploads\/2023\/08\/365422523_763223185604395_6023190174321004243_n-1024x768.jpg 1024w, https:\/\/ukskanu.pl\/wp-content\/uploads\/2023\/08\/365422523_763223185604395_6023190174321004243_n-300x225.jpg 300w, https:\/\/ukskanu.pl\/wp-content\/uploads\/2023\/08\/365422523_763223185604395_6023190174321004243_n-768x576.jpg 768w, https:\/\/ukskanu.pl\/wp-content\/uploads\/2023\/08\/365422523_763223185604395_6023190174321004243_n-1536x1152.jpg 1536w, https:\/\/ukskanu.pl\/wp-content\/uploads\/2023\/08\/365422523_763223185604395_6023190174321004243_n.jpg 2048w\" sizes=\"auto, (max-width: 1024px) 100vw, 1024px\" \/>\t\t\t\t\t\t\t\t\t\t\t\t\t\t\t<\/div>\n\t\t\t\t<\/div>\n\t\t\t\t\t<\/div>\n\t\t<\/div>\n\t\t\t\t\t\t\t<\/div>\n\t\t<\/section>\n\t\t\t\t\t\t\t<\/div>\n\t\t","protected":false},"excerpt":{"rendered":"<p>O Nas Poznajmy si\u0119 Witajcie na naszej stronie po\u015bwi\u0119conej klubowi UKS Kanu Katowice Jeste\u015bmy zespo\u0142em pe\u0142nym pasji i zaanga\u017cowania, dzia\u0142aj\u0105cym od 2014 roku. Za\u0142o\u017cycielem naszego klubu jest Maciej \u015amiechowski, kt\u00f3ry razem z nami tworzy spo\u0142eczno\u015b\u0107 kajak polo opart\u0105 na wsp\u00f3lnych warto\u015bciach. Nasza grupa sk\u0142ada si\u0119 z pasjonat\u00f3w kajak polo, kt\u00f3rzy nie tylko uprawiaj\u0105 t\u0119 dynamiczn\u0105 &hellip;<\/p>\n<p class=\"read-more\"> <a class=\"\" href=\"https:\/\/ukskanu.pl\/?page_id=1416\"> <span class=\"screen-reader-text\">O Nas<\/span> Read More &raquo;<\/a><\/p>\n","protected":false},"author":1,"featured_media":0,"parent":0,"menu_order":0,"comment_status":"closed","ping_status":"closed","template":"","meta":{"_uag_custom_page_level_css":"","site-sidebar-layout":"no-sidebar","site-content-layout":"page-builder","ast-site-content-layout":"full-width-container","site-content-style":"unboxed","site-sidebar-style":"unboxed","ast-global-header-display":"","ast-banner-title-visibility":"","ast-main-header-display":"","ast-hfb-above-header-display":"","ast-hfb-below-header-display":"","ast-hfb-mobile-header-display":"","site-post-title":"disabled","ast-breadcrumbs-content":"","ast-featured-img":"disabled","footer-sml-layout":"","theme-transparent-header-meta":"enabled","adv-header-id-meta":"","stick-header-meta":"","header-above-stick-meta":"","header-main-stick-meta":"","header-below-stick-meta":"","astra-migrate-meta-layouts":"set","footnotes":""},"class_list":["post-1416","page","type-page","status-publish","hentry"],"uagb_featured_image_src":{"full":false,"thumbnail":false,"medium":false,"medium_large":false,"large":false,"1536x1536":false,"2048x2048":false},"uagb_author_info":{"display_name":"ukskanu","author_link":"https:\/\/ukskanu.pl\/?author=1"},"uagb_comment_info":0,"uagb_excerpt":"O Nas Poznajmy si\u0119 Witajcie na naszej stronie po\u015bwi\u0119conej klubowi UKS Kanu Katowice Jeste\u015bmy zespo\u0142em pe\u0142nym pasji i zaanga\u017cowania, dzia\u0142aj\u0105cym od 2014 roku. Za\u0142o\u017cycielem naszego klubu jest Maciej \u015amiechowski, kt\u00f3ry razem z nami tworzy spo\u0142eczno\u015b\u0107 kajak polo opart\u0105 na wsp\u00f3lnych warto\u015bciach. Nasza grupa sk\u0142ada si\u0119 z pasjonat\u00f3w kajak polo, kt\u00f3rzy nie tylko uprawiaj\u0105 t\u0119 dynamiczn\u0105&hellip;","_links":{"self":[{"href":"https:\/\/ukskanu.pl\/index.php?rest_route=\/wp\/v2\/pages\/1416","targetHints":{"allow":["GET"]}}],"collection":[{"href":"https:\/\/ukskanu.pl\/index.php?rest_route=\/wp\/v2\/pages"}],"about":[{"href":"https:\/\/ukskanu.pl\/index.php?rest_route=\/wp\/v2\/types\/page"}],"author":[{"embeddable":true,"href":"https:\/\/ukskanu.pl\/index.php?rest_route=\/wp\/v2\/users\/1"}],"replies":[{"embeddable":true,"href":"https:\/\/ukskanu.pl\/index.php?rest_route=%2Fwp%2Fv2%2Fcomments&post=1416"}],"version-history":[{"count":12,"href":"https:\/\/ukskanu.pl\/index.php?rest_route=\/wp\/v2\/pages\/1416\/revisions"}],"predecessor-version":[{"id":1590,"href":"https:\/\/ukskanu.pl\/index.php?rest_route=\/wp\/v2\/pages\/1416\/revisions\/1590"}],"wp:attachment":[{"href":"https:\/\/ukskanu.pl\/index.php?rest_route=%2Fwp%2Fv2%2Fmedia&parent=1416"}],"curies":[{"name":"wp","href":"https:\/\/api.w.org\/{rel}","templated":true}]}}